{"id":2873,"date":"2023-05-09T16:31:03","date_gmt":"2023-05-09T19:31:03","guid":{"rendered":"https:\/\/mjoffice.com.br\/?post_type=product&#038;p=2873"},"modified":"2024-12-23T15:22:54","modified_gmt":"2024-12-23T18:22:54","slug":"cadeira-diretor-pes-coluna","status":"publish","type":"product","link":"https:\/\/mjoffice.com.br\/?product=cadeira-diretor-pes-coluna","title":{"rendered":"Cadeira Diretor P\u00e9s Coluna"},"content":{"rendered":"<p>A cadeira de escrit\u00f3rio Super &#8211; cadeira para obeso &#8211;\u00a0 projetadas ergonomicamente para oferecer conforto, design e bem-estar, permitindo que voc\u00ea sinta-se seguro. \u00c9 ideal para ambientes profissionais, home office e uso dom\u00e9stico. Todos os nossos produtos t\u00eam garantia de f\u00e1brica e melhor pre\u00e7o de mercado.<\/p>\n<p>Estamos comprometidos em garantir que voc\u00ea tenha a melhor experi\u00eancia poss\u00edvel com nossas cadeiras para obesos.<\/p>\n<p>&#8211; Adquira j\u00e1 a sua cadeira para obesos e desfrute do conforto e seguran\u00e7a que voc\u00ea merece!<\/p>\n<p>&#8211; Revestimento do assento e encosto em tecido ou courino 100% PVC<\/p>\n<p>&#8211; Assento e encosto\u00a0 com madeiras compensadas e espumas injetadas com densidade m\u00e9dia de 55kg\/m3.<\/p>\n<p>&#8211; Base a\u00e7o com capa protetora em polipropileno.<\/p>\n<p>&#8211; Bra\u00e7os fixos em polipropileno tipo cor\u00e7a<\/p>\n<p>Encosto: L85 x A50cm;<\/p>\n<p>Assento: L85 x A49 cm;<\/p>\n<p><strong>DUPLA L\u00c2MINA NO ASSENTO E ENCOSTO<\/strong><\/p>\n<p><strong>TODA ESTRUTURA REFOR\u00c7ADA<\/strong><\/p>\n<p><strong>PESO M\u00c1XIMO RECOMENDADO: 250 kg<\/strong><\/p>\n<p><strong>GARANTIA<\/strong><\/p>\n<p>6 meses contra defeito de fabrica\u00e7\u00e3o<\/p>\n","protected":false},"excerpt":{"rendered":"<p>A cadeira de escrit\u00f3rio Super &#8211; cadeira para obeso &#8211;\u00a0 projetadas ergonomicamente para oferecer conforto, design e bem-estar, permitindo que voc\u00ea sinta-se seguro. \u00c9 ideal para ambientes profissionais, home office e uso dom\u00e9stico. Todos os nossos produtos t\u00eam garantia de f\u00e1brica e melhor pre\u00e7o de mercado. Estamos comprometidos em garantir que voc\u00ea tenha a melhor [&hellip;]<\/p>\n","protected":false},"featured_media":2874,"comment_status":"open","ping_status":"closed","template":"","meta":{"site-sidebar-layout":"default","site-content-layout":"default","ast-site-content-layout":"default","site-content-style":"default","site-sidebar-style":"default","ast-global-header-display":"","ast-banner-title-visibility":"","ast-main-header-display":"","ast-hfb-above-header-display":"","ast-hfb-below-header-display":"","ast-hfb-mobile-header-display":"","site-post-title":"","ast-breadcrumbs-content":"","ast-featured-img":"","footer-sml-layout":"","ast-disable-related-posts":"","theme-transparent-header-meta":"default","adv-header-id-meta":"","stick-header-meta":"","header-above-stick-meta":"","header-main-stick-meta":"","header-below-stick-meta":"","astra-migrate-meta-layouts":"set","ast-page-background-enabled":"default","ast-page-background-meta":{"desktop":{"background-color":"","background-image":"","background-repeat":"repeat","background-position":"center center","background-size":"auto","background-attachment":"scroll","background-type":"","background-media":"","overlay-type":"","overlay-color":"","overlay-opacity":"","overlay-gradient":""},"tablet":{"background-color":"","background-image":"","background-repeat":"repeat","background-position":"center center","background-size":"auto","background-attachment":"scroll","background-type":"","background-media":"","overlay-type":"","overlay-color":"","overlay-opacity":"","overlay-gradient":""},"mobile":{"background-color":"","background-image":"","background-repeat":"repeat","background-position":"center center","background-size":"auto","background-attachment":"scroll","background-type":"","background-media":"","overlay-type":"","overlay-color":"","overlay-opacity":"","overlay-gradient":""}},"ast-content-background-meta":{"desktop":{"background-color":"var(--ast-global-color-5)","background-image":"","background-repeat":"repeat","background-position":"center center","background-size":"auto","background-attachment":"scroll","background-type":"","background-media":"","overlay-type":"","overlay-color":"","overlay-opacity":"","overlay-gradient":""},"tablet":{"background-color":"var(--ast-global-color-5)","background-image":"","background-repeat":"repeat","background-position":"center center","background-size":"auto","background-attachment":"scroll","background-type":"","background-media":"","overlay-type":"","overlay-color":"","overlay-opacity":"","overlay-gradient":""},"mobile":{"background-color":"var(--ast-global-color-5)","background-image":"","background-repeat":"repeat","background-position":"center center","background-size":"auto","background-attachment":"scroll","background-type":"","background-media":"","overlay-type":"","overlay-color":"","overlay-opacity":"","overlay-gradient":""}},"_joinchat":[]},"product_brand":[],"product_cat":[61,62,58],"product_tag":[],"class_list":{"0":"post-2873","1":"product","2":"type-product","3":"status-publish","4":"has-post-thumbnail","6":"product_cat-cadeiras","7":"product_cat-cadeiras-fixas","8":"product_cat-moveis-empresariais","9":"desktop-align-center","10":"tablet-align-left","11":"mobile-align-left","13":"first","14":"instock","15":"taxable","16":"shipping-taxable","17":"purchasable","18":"product-type-simple"},"_links":{"self":[{"href":"https:\/\/mjoffice.com.br\/index.php?rest_route=\/wp\/v2\/product\/2873","targetHints":{"allow":["GET"]}}],"collection":[{"href":"https:\/\/mjoffice.com.br\/index.php?rest_route=\/wp\/v2\/product"}],"about":[{"href":"https:\/\/mjoffice.com.br\/index.php?rest_route=\/wp\/v2\/types\/product"}],"replies":[{"embeddable":true,"href":"https:\/\/mjoffice.com.br\/index.php?rest_route=%2Fwp%2Fv2%2Fcomments&post=2873"}],"version-history":[{"count":2,"href":"https:\/\/mjoffice.com.br\/index.php?rest_route=\/wp\/v2\/product\/2873\/revisions"}],"predecessor-version":[{"id":5956,"href":"https:\/\/mjoffice.com.br\/index.php?rest_route=\/wp\/v2\/product\/2873\/revisions\/5956"}],"wp:featuredmedia":[{"embeddable":true,"href":"https:\/\/mjoffice.com.br\/index.php?rest_route=\/wp\/v2\/media\/2874"}],"wp:attachment":[{"href":"https:\/\/mjoffice.com.br\/index.php?rest_route=%2Fwp%2Fv2%2Fmedia&parent=2873"}],"wp:term":[{"taxonomy":"product_brand","embeddable":true,"href":"https:\/\/mjoffice.com.br\/index.php?rest_route=%2Fwp%2Fv2%2Fproduct_brand&post=2873"},{"taxonomy":"product_cat","embeddable":true,"href":"https:\/\/mjoffice.com.br\/index.php?rest_route=%2Fwp%2Fv2%2Fproduct_cat&post=2873"},{"taxonomy":"product_tag","embeddable":true,"href":"https:\/\/mjoffice.com.br\/index.php?rest_route=%2Fwp%2Fv2%2Fproduct_tag&post=2873"}],"curies":[{"name":"wp","href":"https:\/\/api.w.org\/{rel}","templated":true}]}}