{"id":2891,"date":"2023-05-09T16:43:55","date_gmt":"2023-05-09T19:43:55","guid":{"rendered":"https:\/\/mjoffice.com.br\/?post_type=product&#038;p=2891"},"modified":"2024-12-23T11:45:55","modified_gmt":"2024-12-23T14:45:55","slug":"cadeira-fixa-executiva-encosto-guarfo","status":"publish","type":"product","link":"https:\/\/mjoffice.com.br\/?product=cadeira-fixa-executiva-encosto-guarfo","title":{"rendered":"Cadeira Fixa Executiva Encosto Guarfo"},"content":{"rendered":"<p>Cadeira modelo executiva fixa com 4 p\u00e9s estrutura de ferro, assento e encosto estofado em tecido.<br \/>\nIdeal para ambientes de trabalho como: audit\u00f3rios, igrejas,\u2018homework\u2019, atendimento e recep\u00e7\u00e3o.<\/p>\n<p>Cadeira compacta e resistente. Uma \u00f3tima op\u00e7\u00e3o para ambientes funcionais.<br \/>\nDurabilidade e conforto de maneira pr\u00e1tica e acess\u00edvel. Melhor custo-benef\u00edcio do mercado.<\/p>\n<p>* Informa\u00e7\u00f5es T\u00e9cnicas<br \/>\n* Modelo: fixa 4 p\u00e9s<br \/>\n* Largura: 48cm<br \/>\n* Altura: 90cm total \/ 40cm altura do ch\u00e3o at\u00e9 o assento.<br \/>\n* Profundidade: 46cm<br \/>\n* Peso do produto: 20kg<br \/>\n* Marca: Fabrica\u00e7\u00e3o Pr\u00f3pria<br \/>\n* Capacidade (lugares\/peso): 01 pessoas\/ at\u00e9 130kg<\/p>\n<p>Assento:<br \/>\n&#8211; Material: Madeira anatomica, espuma injetada, acabamento lateral em torno em perfil pvc preto.<br \/>\n&#8211; Dimens\u00e3o: (ALT &#8211; Larg &#8211; Compr) 47cm x 43cm x 5cm<br \/>\nEncosto:<br \/>\n&#8211; Material: Madeira reta, espuma laminada, acabamento lateral em torno em perfil pvc preto.<br \/>\n&#8211; Dimens\u00e3o: (ALT &#8211; Larg &#8211; Compr) 44cm x 37cm x 5cm<br \/>\nBase: fixa 4 p\u00e9s<br \/>\n&#8211; Estrutura: metalon tubo redondo 7\/8&#215;18\u201d soldagem MIG com barra de refor\u00e7o nas laterais da base, acabamento ponteira pvc nas extremidades.<br \/>\nRevestimento:<br \/>\n&#8211; Pintura da estrutura: pintura ep\u00f3xi eletrost\u00e1tica na cor preta<br \/>\n&#8211; Assento e Encosto: em tecido J serrano<br \/>\n&#8211; Modelo: executiva simples<br \/>\n&#8211; Cor: diversas cores (consulte o vendedor)<\/p>\n<p>Imagens ilustrativas.<br \/>\n&#8211; As tonalidades de cores dos produtos podem variar das visualizadas em monitores e<br \/>\nimpressos em geral.<br \/>\nDimens\u00f5es e Peso para envio:<br \/>\n&#8211; Peso \/ dimens\u00e3o total: (embalagem\/caixa)<br \/>\n22 kg\/50 cm \u00d7 50 cm \u00d7 95 cm (por unidade)<\/p>\n<p>Itens Inclusos<br \/>\n&#8211; 01 estrutura de ferro<br \/>\n&#8211; 01 assento\/ 01 encosto<br \/>\n&#8211; 06 parafusos de fixa\u00e7\u00e3o por rosca cabe\u00e7a Philips<br \/>\n&#8211; 04 ponteiras de acabamento das extremidades<br \/>\nGarantia<br \/>\n&#8211; 3 (tr\u00eas) meses contra defeitos de fabrica\u00e7\u00e3o<br \/>\n** Confer\u00eancia e Montagem<br \/>\n&#8211; A confer\u00eancia dever\u00e1 ser realizada no ato do recebimento do produto<br \/>\n&#8211; Produto Montado (S) ou (N)<br \/>\nObserva\u00e7\u00f5es<br \/>\n&#8211; Confira as dimens\u00f5es do produto e certifique-se que o mesmo passar\u00e1 por portas,<br \/>\nelevadores, escadas e corredores<br \/>\n&#8211; Imagens ilustrativas. As tonalidades de cores dos produtos podem variar das<br \/>\nvisualizadas em monitores e impressos em geral.<br \/>\n&#8211; Frete ou entrega por conta do comprador, favor consultar o setor de vendas. Enviamos<br \/>\nvia transportadora por conta do cliente, favor verificar possibilidade de envia para sua<br \/>\nregi\u00e3o.<\/p>\n","protected":false},"excerpt":{"rendered":"<p>Cadeira modelo executiva fixa com 4 p\u00e9s estrutura de ferro, assento e encosto estofado em tecido. Ideal para ambientes de trabalho como: audit\u00f3rios, igrejas,\u2018homework\u2019, atendimento e recep\u00e7\u00e3o. Cadeira compacta e resistente. Uma \u00f3tima op\u00e7\u00e3o para ambientes funcionais. Durabilidade e conforto de maneira pr\u00e1tica e acess\u00edvel. Melhor custo-benef\u00edcio do mercado. * Informa\u00e7\u00f5es T\u00e9cnicas * Modelo: fixa [&hellip;]<\/p>\n","protected":false},"featured_media":2892,"comment_status":"open","ping_status":"closed","template":"","meta":{"site-sidebar-layout":"default","site-content-layout":"default","ast-site-content-layout":"default","site-content-style":"default","site-sidebar-style":"default","ast-global-header-display":"","ast-banner-title-visibility":"","ast-main-header-display":"","ast-hfb-above-header-display":"","ast-hfb-below-header-display":"","ast-hfb-mobile-header-display":"","site-post-title":"","ast-breadcrumbs-content":"","ast-featured-img":"","footer-sml-layout":"","ast-disable-related-posts":"","theme-transparent-header-meta":"default","adv-header-id-meta":"","stick-header-meta":"","header-above-stick-meta":"","header-main-stick-meta":"","header-below-stick-meta":"","astra-migrate-meta-layouts":"set","ast-page-background-enabled":"default","ast-page-background-meta":{"desktop":{"background-color":"","background-image":"","background-repeat":"repeat","background-position":"center center","background-size":"auto","background-attachment":"scroll","background-type":"","background-media":"","overlay-type":"","overlay-color":"","overlay-opacity":"","overlay-gradient":""},"tablet":{"background-color":"","background-image":"","background-repeat":"repeat","background-position":"center center","background-size":"auto","background-attachment":"scroll","background-type":"","background-media":"","overlay-type":"","overlay-color":"","overlay-opacity":"","overlay-gradient":""},"mobile":{"background-color":"","background-image":"","background-repeat":"repeat","background-position":"center center","background-size":"auto","background-attachment":"scroll","background-type":"","background-media":"","overlay-type":"","overlay-color":"","overlay-opacity":"","overlay-gradient":""}},"ast-content-background-meta":{"desktop":{"background-color":"var(--ast-global-color-5)","background-image":"","background-repeat":"repeat","background-position":"center center","background-size":"auto","background-attachment":"scroll","background-type":"","background-media":"","overlay-type":"","overlay-color":"","overlay-opacity":"","overlay-gradient":""},"tablet":{"background-color":"var(--ast-global-color-5)","background-image":"","background-repeat":"repeat","background-position":"center center","background-size":"auto","background-attachment":"scroll","background-type":"","background-media":"","overlay-type":"","overlay-color":"","overlay-opacity":"","overlay-gradient":""},"mobile":{"background-color":"var(--ast-global-color-5)","background-image":"","background-repeat":"repeat","background-position":"center center","background-size":"auto","background-attachment":"scroll","background-type":"","background-media":"","overlay-type":"","overlay-color":"","overlay-opacity":"","overlay-gradient":""}},"_joinchat":[]},"product_brand":[],"product_cat":[61,62,58],"product_tag":[],"class_list":{"0":"post-2891","1":"product","2":"type-product","3":"status-publish","4":"has-post-thumbnail","6":"product_cat-cadeiras","7":"product_cat-cadeiras-fixas","8":"product_cat-moveis-empresariais","9":"desktop-align-center","10":"tablet-align-left","11":"mobile-align-left","13":"first","14":"instock","15":"taxable","16":"shipping-taxable","17":"purchasable","18":"product-type-simple"},"_links":{"self":[{"href":"https:\/\/mjoffice.com.br\/index.php?rest_route=\/wp\/v2\/product\/2891","targetHints":{"allow":["GET"]}}],"collection":[{"href":"https:\/\/mjoffice.com.br\/index.php?rest_route=\/wp\/v2\/product"}],"about":[{"href":"https:\/\/mjoffice.com.br\/index.php?rest_route=\/wp\/v2\/types\/product"}],"replies":[{"embeddable":true,"href":"https:\/\/mjoffice.com.br\/index.php?rest_route=%2Fwp%2Fv2%2Fcomments&post=2891"}],"version-history":[{"count":3,"href":"https:\/\/mjoffice.com.br\/index.php?rest_route=\/wp\/v2\/product\/2891\/revisions"}],"predecessor-version":[{"id":5944,"href":"https:\/\/mjoffice.com.br\/index.php?rest_route=\/wp\/v2\/product\/2891\/revisions\/5944"}],"wp:featuredmedia":[{"embeddable":true,"href":"https:\/\/mjoffice.com.br\/index.php?rest_route=\/wp\/v2\/media\/2892"}],"wp:attachment":[{"href":"https:\/\/mjoffice.com.br\/index.php?rest_route=%2Fwp%2Fv2%2Fmedia&parent=2891"}],"wp:term":[{"taxonomy":"product_brand","embeddable":true,"href":"https:\/\/mjoffice.com.br\/index.php?rest_route=%2Fwp%2Fv2%2Fproduct_brand&post=2891"},{"taxonomy":"product_cat","embeddable":true,"href":"https:\/\/mjoffice.com.br\/index.php?rest_route=%2Fwp%2Fv2%2Fproduct_cat&post=2891"},{"taxonomy":"product_tag","embeddable":true,"href":"https:\/\/mjoffice.com.br\/index.php?rest_route=%2Fwp%2Fv2%2Fproduct_tag&post=2891"}],"curies":[{"name":"wp","href":"https:\/\/api.w.org\/{rel}","templated":true}]}}