{"id":2914,"date":"2023-05-09T17:00:46","date_gmt":"2023-05-09T20:00:46","guid":{"rendered":"https:\/\/mjoffice.com.br\/?post_type=product&#038;p=2914"},"modified":"2025-02-24T13:11:29","modified_gmt":"2025-02-24T16:11:29","slug":"cadeira-fixa-iso-colorida","status":"publish","type":"product","link":"https:\/\/mjoffice.com.br\/?product=cadeira-fixa-iso-colorida","title":{"rendered":"Cadeira Fixa ISO Colorida FK"},"content":{"rendered":"<p>ESTRUTURA DE FERRO OBLONGO 16X30 PRETA<br \/>\nPL\u00c1STICOS FK COLORIDOS OU PRETO.<\/p>\n<p>Descri\u00e7\u00e3o T\u00e9cnica:<br \/>\nAssento e encosto injetado em polipropileno 100% recicl\u00e1vel, encosto com medidas de 320x465x27 (altura x largura x espessura ) e assento com medidas 470x400x31 (largura x profundidade x espessura).<\/p>\n<p>Estrutura fixa tipo 04 p\u00e9s manufaturada em a\u00e7o carbono tubular de se\u00e7\u00e3o oblonga com medidas m\u00ednimas de 16 x 30 x 1,2 mm, com travessas sob o assento em tubos de se\u00e7\u00e3o cil\u00edndrica com medidas de 19,00 x 1,2 mm e suporte do encosto de 16 x 30 x 1,2 mm, a estrutura passa por tratamento de superf\u00edcie por meio de pintura a p\u00f3, atrav\u00e9s do processo de deposi\u00e7\u00e3o eletrost\u00e1tica, passando pelos processos de desengraxe.<\/p>\n<p>&nbsp;<\/p>\n<p>&nbsp;<\/p>\n","protected":false},"excerpt":{"rendered":"<p>ESTRUTURA DE FERRO OBLONGO 16X30 PRETA PL\u00c1STICOS FK COLORIDOS OU PRETO. Descri\u00e7\u00e3o T\u00e9cnica: Assento e encosto injetado em polipropileno 100% recicl\u00e1vel, encosto com medidas de 320x465x27 (altura x largura x espessura ) e assento com medidas 470x400x31 (largura x profundidade x espessura). Estrutura fixa tipo 04 p\u00e9s manufaturada em a\u00e7o carbono tubular de se\u00e7\u00e3o oblonga [&hellip;]<\/p>\n","protected":false},"featured_media":2915,"comment_status":"open","ping_status":"closed","template":"","meta":{"site-sidebar-layout":"default","site-content-layout":"default","ast-site-content-layout":"default","site-content-style":"default","site-sidebar-style":"default","ast-global-header-display":"","ast-banner-title-visibility":"","ast-main-header-display":"","ast-hfb-above-header-display":"","ast-hfb-below-header-display":"","ast-hfb-mobile-header-display":"","site-post-title":"","ast-breadcrumbs-content":"","ast-featured-img":"","footer-sml-layout":"","ast-disable-related-posts":"","theme-transparent-header-meta":"default","adv-header-id-meta":"","stick-header-meta":"","header-above-stick-meta":"","header-main-stick-meta":"","header-below-stick-meta":"","astra-migrate-meta-layouts":"set","ast-page-background-enabled":"default","ast-page-background-meta":{"desktop":{"background-color":"","background-image":"","background-repeat":"repeat","background-position":"center center","background-size":"auto","background-attachment":"scroll","background-type":"","background-media":"","overlay-type":"","overlay-color":"","overlay-opacity":"","overlay-gradient":""},"tablet":{"background-color":"","background-image":"","background-repeat":"repeat","background-position":"center center","background-size":"auto","background-attachment":"scroll","background-type":"","background-media":"","overlay-type":"","overlay-color":"","overlay-opacity":"","overlay-gradient":""},"mobile":{"background-color":"","background-image":"","background-repeat":"repeat","background-position":"center center","background-size":"auto","background-attachment":"scroll","background-type":"","background-media":"","overlay-type":"","overlay-color":"","overlay-opacity":"","overlay-gradient":""}},"ast-content-background-meta":{"desktop":{"background-color":"var(--ast-global-color-5)","background-image":"","background-repeat":"repeat","background-position":"center center","background-size":"auto","background-attachment":"scroll","background-type":"","background-media":"","overlay-type":"","overlay-color":"","overlay-opacity":"","overlay-gradient":""},"tablet":{"background-color":"var(--ast-global-color-5)","background-image":"","background-repeat":"repeat","background-position":"center center","background-size":"auto","background-attachment":"scroll","background-type":"","background-media":"","overlay-type":"","overlay-color":"","overlay-opacity":"","overlay-gradient":""},"mobile":{"background-color":"var(--ast-global-color-5)","background-image":"","background-repeat":"repeat","background-position":"center center","background-size":"auto","background-attachment":"scroll","background-type":"","background-media":"","overlay-type":"","overlay-color":"","overlay-opacity":"","overlay-gradient":""}},"_joinchat":[]},"product_brand":[],"product_cat":[61,70],"product_tag":[],"class_list":{"0":"post-2914","1":"product","2":"type-product","3":"status-publish","4":"has-post-thumbnail","6":"product_cat-cadeiras","7":"product_cat-cadeiras-plasticas","8":"pa_cor-azul","9":"pa_cor-laranja","10":"pa_cor-verde","11":"pa_cor-vermelho","12":"pa_tamanho-adulto","13":"desktop-align-center","14":"tablet-align-left","15":"mobile-align-left","17":"first","18":"instock","19":"taxable","20":"shipping-taxable","21":"purchasable","22":"product-type-simple"},"_links":{"self":[{"href":"https:\/\/mjoffice.com.br\/index.php?rest_route=\/wp\/v2\/product\/2914","targetHints":{"allow":["GET"]}}],"collection":[{"href":"https:\/\/mjoffice.com.br\/index.php?rest_route=\/wp\/v2\/product"}],"about":[{"href":"https:\/\/mjoffice.com.br\/index.php?rest_route=\/wp\/v2\/types\/product"}],"replies":[{"embeddable":true,"href":"https:\/\/mjoffice.com.br\/index.php?rest_route=%2Fwp%2Fv2%2Fcomments&post=2914"}],"version-history":[{"count":3,"href":"https:\/\/mjoffice.com.br\/index.php?rest_route=\/wp\/v2\/product\/2914\/revisions"}],"predecessor-version":[{"id":5547,"href":"https:\/\/mjoffice.com.br\/index.php?rest_route=\/wp\/v2\/product\/2914\/revisions\/5547"}],"wp:featuredmedia":[{"embeddable":true,"href":"https:\/\/mjoffice.com.br\/index.php?rest_route=\/wp\/v2\/media\/2915"}],"wp:attachment":[{"href":"https:\/\/mjoffice.com.br\/index.php?rest_route=%2Fwp%2Fv2%2Fmedia&parent=2914"}],"wp:term":[{"taxonomy":"product_brand","embeddable":true,"href":"https:\/\/mjoffice.com.br\/index.php?rest_route=%2Fwp%2Fv2%2Fproduct_brand&post=2914"},{"taxonomy":"product_cat","embeddable":true,"href":"https:\/\/mjoffice.com.br\/index.php?rest_route=%2Fwp%2Fv2%2Fproduct_cat&post=2914"},{"taxonomy":"product_tag","embeddable":true,"href":"https:\/\/mjoffice.com.br\/index.php?rest_route=%2Fwp%2Fv2%2Fproduct_tag&post=2914"}],"curies":[{"name":"wp","href":"https:\/\/api.w.org\/{rel}","templated":true}]}}