{"id":2969,"date":"2023-05-09T17:40:32","date_gmt":"2023-05-09T20:40:32","guid":{"rendered":"https:\/\/mjoffice.com.br\/?post_type=product&#038;p=2969"},"modified":"2023-06-22T17:09:13","modified_gmt":"2023-06-22T20:09:13","slug":"cadeira-caixa-giratoria-executiva-fk","status":"publish","type":"product","link":"https:\/\/mjoffice.com.br\/?product=cadeira-caixa-giratoria-executiva-fk","title":{"rendered":"Cadeira Caixa Girat\u00f3ria Executiva FK"},"content":{"rendered":"<p class=\"p1\"><span class=\"s1\">Cadeira caixa alta aro regul\u00e1vel, estofada assento e encosto executivo revestido em tecido ou courvim, espuma injetada madeira anat\u00f4mica.<\/span><\/p>\n<p class=\"p1\"><strong><span class=\"s2\">Modelo<\/span><\/strong><span class=\"s1\">: caixa alta<\/span><\/p>\n<p class=\"p1\"><strong><span class=\"s2\">Base<\/span><\/strong><span class=\"s1\">: aro regul\u00e1vel com prolongador, sapatos fixa, modelo FK.\u00a0<\/span><\/p>\n<p class=\"p1\"><strong><span class=\"s2\">Assento<\/span><\/strong><span class=\"s1\">: estofado em tecido\/courvim<\/span><\/p>\n<p class=\"p1\"><span class=\"s1\"><b>Encostou<\/b>: estofado em tecido\/courvim<\/span><\/p>\n<p class=\"p1\"><span class=\"s1\">&#8211; Madeira anat\u00f4mica, espuma injetada, fixados a base por meio de parafusos porca garra, acabamento lateral em torno em perfil pvc preto, encosto fixado por l\u00e2mina de a\u00e7o ao assento.<\/span><\/p>\n<p class=\"p1\"><strong><span class=\"s2\">Dimens\u00f5es<\/span><\/strong><span class=\"s1\">: 0,48m largura x 0,46 profundidade x 0,60m\/0,75m altura m\u00e1xima do ch\u00e3o at\u00e9 o assento.<\/span><\/p>\n<p class=\"p1\"><strong><span class=\"s2\">Garantia<\/span><\/strong><span class=\"s1\">: 06 meses<\/span><\/p>\n<p class=\"p1\"><span class=\"s1\"><b>Fabricante<\/b>: Frisokar<\/span><\/p>\n","protected":false},"excerpt":{"rendered":"<p>Cadeira caixa alta aro regul\u00e1vel, estofada assento e encosto executivo revestido em tecido ou courvim, espuma injetada madeira anat\u00f4mica.<\/p>\n","protected":false},"featured_media":2963,"comment_status":"open","ping_status":"closed","template":"","meta":{"site-sidebar-layout":"default","site-content-layout":"default","ast-site-content-layout":"default","site-content-style":"default","site-sidebar-style":"default","ast-global-header-display":"","ast-banner-title-visibility":"","ast-main-header-display":"","ast-hfb-above-header-display":"","ast-hfb-below-header-display":"","ast-hfb-mobile-header-display":"","site-post-title":"","ast-breadcrumbs-content":"","ast-featured-img":"","footer-sml-layout":"","ast-disable-related-posts":"","theme-transparent-header-meta":"default","adv-header-id-meta":"","stick-header-meta":"","header-above-stick-meta":"","header-main-stick-meta":"","header-below-stick-meta":"","astra-migrate-meta-layouts":"default","ast-page-background-enabled":"default","ast-page-background-meta":{"desktop":{"background-color":"","background-image":"","background-repeat":"repeat","background-position":"center center","background-size":"auto","background-attachment":"scroll","background-type":"","background-media":"","overlay-type":"","overlay-color":"","overlay-opacity":"","overlay-gradient":""},"tablet":{"background-color":"","background-image":"","background-repeat":"repeat","background-position":"center center","background-size":"auto","background-attachment":"scroll","background-type":"","background-media":"","overlay-type":"","overlay-color":"","overlay-opacity":"","overlay-gradient":""},"mobile":{"background-color":"","background-image":"","background-repeat":"repeat","background-position":"center center","background-size":"auto","background-attachment":"scroll","background-type":"","background-media":"","overlay-type":"","overlay-color":"","overlay-opacity":"","overlay-gradient":""}},"ast-content-background-meta":{"desktop":{"background-color":"var(--ast-global-color-5)","background-image":"","background-repeat":"repeat","background-position":"center center","background-size":"auto","background-attachment":"scroll","background-type":"","background-media":"","overlay-type":"","overlay-color":"","overlay-opacity":"","overlay-gradient":""},"tablet":{"background-color":"var(--ast-global-color-5)","background-image":"","background-repeat":"repeat","background-position":"center center","background-size":"auto","background-attachment":"scroll","background-type":"","background-media":"","overlay-type":"","overlay-color":"","overlay-opacity":"","overlay-gradient":""},"mobile":{"background-color":"var(--ast-global-color-5)","background-image":"","background-repeat":"repeat","background-position":"center center","background-size":"auto","background-attachment":"scroll","background-type":"","background-media":"","overlay-type":"","overlay-color":"","overlay-opacity":"","overlay-gradient":""}},"_joinchat":[]},"product_brand":[],"product_cat":[61,69,58],"product_tag":[],"class_list":{"0":"post-2969","1":"product","2":"type-product","3":"status-publish","4":"has-post-thumbnail","6":"product_cat-cadeiras","7":"product_cat-giratoria","8":"product_cat-moveis-empresariais","9":"desktop-align-center","10":"tablet-align-left","11":"mobile-align-left","13":"first","14":"instock","15":"taxable","16":"shipping-taxable","17":"purchasable","18":"product-type-simple"},"_links":{"self":[{"href":"https:\/\/mjoffice.com.br\/index.php?rest_route=\/wp\/v2\/product\/2969","targetHints":{"allow":["GET"]}}],"collection":[{"href":"https:\/\/mjoffice.com.br\/index.php?rest_route=\/wp\/v2\/product"}],"about":[{"href":"https:\/\/mjoffice.com.br\/index.php?rest_route=\/wp\/v2\/types\/product"}],"replies":[{"embeddable":true,"href":"https:\/\/mjoffice.com.br\/index.php?rest_route=%2Fwp%2Fv2%2Fcomments&post=2969"}],"version-history":[{"count":0,"href":"https:\/\/mjoffice.com.br\/index.php?rest_route=\/wp\/v2\/product\/2969\/revisions"}],"wp:featuredmedia":[{"embeddable":true,"href":"https:\/\/mjoffice.com.br\/index.php?rest_route=\/wp\/v2\/media\/2963"}],"wp:attachment":[{"href":"https:\/\/mjoffice.com.br\/index.php?rest_route=%2Fwp%2Fv2%2Fmedia&parent=2969"}],"wp:term":[{"taxonomy":"product_brand","embeddable":true,"href":"https:\/\/mjoffice.com.br\/index.php?rest_route=%2Fwp%2Fv2%2Fproduct_brand&post=2969"},{"taxonomy":"product_cat","embeddable":true,"href":"https:\/\/mjoffice.com.br\/index.php?rest_route=%2Fwp%2Fv2%2Fproduct_cat&post=2969"},{"taxonomy":"product_tag","embeddable":true,"href":"https:\/\/mjoffice.com.br\/index.php?rest_route=%2Fwp%2Fv2%2Fproduct_tag&post=2969"}],"curies":[{"name":"wp","href":"https:\/\/api.w.org\/{rel}","templated":true}]}}