{"id":2972,"date":"2023-05-09T17:44:45","date_gmt":"2023-05-09T20:44:45","guid":{"rendered":"https:\/\/mjoffice.com.br\/?post_type=product&#038;p=2972"},"modified":"2025-04-15T11:28:08","modified_gmt":"2025-04-15T14:28:08","slug":"cadeira-secretaria-giratoria-laminada","status":"publish","type":"product","link":"https:\/\/mjoffice.com.br\/?product=cadeira-secretaria-giratoria-laminada","title":{"rendered":"Cadeira Secret\u00e1ria Girat\u00f3ria Laminada"},"content":{"rendered":"<p>Cadeira de escrit\u00f3rio girat\u00f3ria sem bra\u00e7os, espuma laminada, madeira reta.<\/p>\n<p>Regulagem de altura<\/p>\n<p>Base estrela\u00a0 de nylon &#8211;<\/p>\n<p>L sanfonado unindo o encosto ao assento.<\/p>\n<p>Estofamento espuma laminada D28 de 3 cm de alta densidade<\/p>\n<p>Revestimento tecido.<\/p>\n<p>Com rod\u00edzios ou sapatas fixas.<\/p>\n<p>Altura m\u00e1xima 50 cm do ch\u00e3o ao assento<\/p>\n<p>Altura m\u00ednima 39 cm do ch\u00e3o ao assento<\/p>\n<p>Suporta at\u00e9 100 kg<\/p>\n","protected":false},"excerpt":{"rendered":"<p>Cadeira de escrit\u00f3rio girat\u00f3ria sem bra\u00e7os, espuma laminada, madeira reta. Regulagem de altura Base estrela\u00a0 de nylon &#8211; L sanfonado unindo o encosto ao assento. Estofamento espuma laminada D28 de 3 cm de alta densidade Revestimento tecido. Com rod\u00edzios ou sapatas fixas. Altura m\u00e1xima 50 cm do ch\u00e3o ao assento Altura m\u00ednima 39 cm do [&hellip;]<\/p>\n","protected":false},"featured_media":5445,"comment_status":"open","ping_status":"closed","template":"","meta":{"site-sidebar-layout":"default","site-content-layout":"default","ast-site-content-layout":"default","site-content-style":"default","site-sidebar-style":"default","ast-global-header-display":"","ast-banner-title-visibility":"","ast-main-header-display":"","ast-hfb-above-header-display":"","ast-hfb-below-header-display":"","ast-hfb-mobile-header-display":"","site-post-title":"","ast-breadcrumbs-content":"","ast-featured-img":"","footer-sml-layout":"","ast-disable-related-posts":"","theme-transparent-header-meta":"default","adv-header-id-meta":"","stick-header-meta":"","header-above-stick-meta":"","header-main-stick-meta":"","header-below-stick-meta":"","astra-migrate-meta-layouts":"set","ast-page-background-enabled":"default","ast-page-background-meta":{"desktop":{"background-color":"","background-image":"","background-repeat":"repeat","background-position":"center center","background-size":"auto","background-attachment":"scroll","background-type":"","background-media":"","overlay-type":"","overlay-color":"","overlay-opacity":"","overlay-gradient":""},"tablet":{"background-color":"","background-image":"","background-repeat":"repeat","background-position":"center center","background-size":"auto","background-attachment":"scroll","background-type":"","background-media":"","overlay-type":"","overlay-color":"","overlay-opacity":"","overlay-gradient":""},"mobile":{"background-color":"","background-image":"","background-repeat":"repeat","background-position":"center center","background-size":"auto","background-attachment":"scroll","background-type":"","background-media":"","overlay-type":"","overlay-color":"","overlay-opacity":"","overlay-gradient":""}},"ast-content-background-meta":{"desktop":{"background-color":"var(--ast-global-color-5)","background-image":"","background-repeat":"repeat","background-position":"center center","background-size":"auto","background-attachment":"scroll","background-type":"","background-media":"","overlay-type":"","overlay-color":"","overlay-opacity":"","overlay-gradient":""},"tablet":{"background-color":"var(--ast-global-color-5)","background-image":"","background-repeat":"repeat","background-position":"center center","background-size":"auto","background-attachment":"scroll","background-type":"","background-media":"","overlay-type":"","overlay-color":"","overlay-opacity":"","overlay-gradient":""},"mobile":{"background-color":"var(--ast-global-color-5)","background-image":"","background-repeat":"repeat","background-position":"center center","background-size":"auto","background-attachment":"scroll","background-type":"","background-media":"","overlay-type":"","overlay-color":"","overlay-opacity":"","overlay-gradient":""}},"_joinchat":[]},"product_brand":[],"product_cat":[61,69,58],"product_tag":[],"class_list":{"0":"post-2972","1":"product","2":"type-product","3":"status-publish","4":"has-post-thumbnail","6":"product_cat-cadeiras","7":"product_cat-giratoria","8":"product_cat-moveis-empresariais","9":"desktop-align-center","10":"tablet-align-left","11":"mobile-align-left","13":"first","14":"instock","15":"taxable","16":"shipping-taxable","17":"purchasable","18":"product-type-simple"},"_links":{"self":[{"href":"https:\/\/mjoffice.com.br\/index.php?rest_route=\/wp\/v2\/product\/2972","targetHints":{"allow":["GET"]}}],"collection":[{"href":"https:\/\/mjoffice.com.br\/index.php?rest_route=\/wp\/v2\/product"}],"about":[{"href":"https:\/\/mjoffice.com.br\/index.php?rest_route=\/wp\/v2\/types\/product"}],"replies":[{"embeddable":true,"href":"https:\/\/mjoffice.com.br\/index.php?rest_route=%2Fwp%2Fv2%2Fcomments&post=2972"}],"version-history":[{"count":3,"href":"https:\/\/mjoffice.com.br\/index.php?rest_route=\/wp\/v2\/product\/2972\/revisions"}],"predecessor-version":[{"id":6356,"href":"https:\/\/mjoffice.com.br\/index.php?rest_route=\/wp\/v2\/product\/2972\/revisions\/6356"}],"wp:featuredmedia":[{"embeddable":true,"href":"https:\/\/mjoffice.com.br\/index.php?rest_route=\/wp\/v2\/media\/5445"}],"wp:attachment":[{"href":"https:\/\/mjoffice.com.br\/index.php?rest_route=%2Fwp%2Fv2%2Fmedia&parent=2972"}],"wp:term":[{"taxonomy":"product_brand","embeddable":true,"href":"https:\/\/mjoffice.com.br\/index.php?rest_route=%2Fwp%2Fv2%2Fproduct_brand&post=2972"},{"taxonomy":"product_cat","embeddable":true,"href":"https:\/\/mjoffice.com.br\/index.php?rest_route=%2Fwp%2Fv2%2Fproduct_cat&post=2972"},{"taxonomy":"product_tag","embeddable":true,"href":"https:\/\/mjoffice.com.br\/index.php?rest_route=%2Fwp%2Fv2%2Fproduct_tag&post=2972"}],"curies":[{"name":"wp","href":"https:\/\/api.w.org\/{rel}","templated":true}]}}