{"id":2993,"date":"2023-05-09T18:07:39","date_gmt":"2023-05-09T21:07:39","guid":{"rendered":"https:\/\/mjoffice.com.br\/?post_type=product&#038;p=2993"},"modified":"2026-01-22T12:34:29","modified_gmt":"2026-01-22T15:34:29","slug":"cadeira-diretor-giratoria-goah","status":"publish","type":"product","link":"https:\/\/mjoffice.com.br\/?product=cadeira-diretor-giratoria-goah","title":{"rendered":"Cadeira Diretor Girat\u00f3ria Goah Pop FK"},"content":{"rendered":"<p>A cadeira Goah Pop FK \u00e9 a pe\u00e7a que faltava para completar seu ambiente.<br \/>\nGoah Pop \u00e9 leve e descomplicada!<\/p>\n<p>Um produto 100% nacional e acess\u00edvel, com diversas op\u00e7\u00f5es de revestimento dispon\u00edveis.<\/p>\n<p>Possui tela dublada, que permite maior durabilidade, pois \u00e9 feita por processo vulcanizado, tornando o tecido e a tela uma pe\u00e7a \u00fanica, fixada a um estrutural produzido em pol\u00edmero injetado de alta resist\u00eancia que protege a tela de atritos.<br \/>\nGarantia &#8211; base 18 meses &#8211; assentos &#8211; 5 anos.<br \/>\nGarantia v\u00e1lida com apresenta\u00e7\u00e3o da NFe recebida na ocasi\u00e3o da compra.<\/p>\n<p>Prazo de entrega de 15 a 20 dias.<\/p>\n","protected":false},"excerpt":{"rendered":"<p>A cadeira Goah Pop FK \u00e9 a pe\u00e7a que faltava para completar seu ambiente. Goah Pop \u00e9 leve e descomplicada! Um produto 100% nacional e acess\u00edvel, com diversas op\u00e7\u00f5es de revestimento dispon\u00edveis. Possui tela dublada, que permite maior durabilidade, pois \u00e9 feita por processo vulcanizado, tornando o tecido e a tela uma pe\u00e7a \u00fanica, fixada [&hellip;]<\/p>\n","protected":false},"featured_media":6761,"comment_status":"open","ping_status":"closed","template":"","meta":{"site-sidebar-layout":"default","site-content-layout":"default","ast-site-content-layout":"default","site-content-style":"default","site-sidebar-style":"default","ast-global-header-display":"","ast-banner-title-visibility":"","ast-main-header-display":"","ast-hfb-above-header-display":"","ast-hfb-below-header-display":"","ast-hfb-mobile-header-display":"","site-post-title":"","ast-breadcrumbs-content":"","ast-featured-img":"","footer-sml-layout":"","ast-disable-related-posts":"","theme-transparent-header-meta":"default","adv-header-id-meta":"","stick-header-meta":"","header-above-stick-meta":"","header-main-stick-meta":"","header-below-stick-meta":"","astra-migrate-meta-layouts":"set","ast-page-background-enabled":"default","ast-page-background-meta":{"desktop":{"background-color":"","background-image":"","background-repeat":"repeat","background-position":"center center","background-size":"auto","background-attachment":"scroll","background-type":"","background-media":"","overlay-type":"","overlay-color":"","overlay-opacity":"","overlay-gradient":""},"tablet":{"background-color":"","background-image":"","background-repeat":"repeat","background-position":"center center","background-size":"auto","background-attachment":"scroll","background-type":"","background-media":"","overlay-type":"","overlay-color":"","overlay-opacity":"","overlay-gradient":""},"mobile":{"background-color":"","background-image":"","background-repeat":"repeat","background-position":"center center","background-size":"auto","background-attachment":"scroll","background-type":"","background-media":"","overlay-type":"","overlay-color":"","overlay-opacity":"","overlay-gradient":""}},"ast-content-background-meta":{"desktop":{"background-color":"var(--ast-global-color-5)","background-image":"","background-repeat":"repeat","background-position":"center center","background-size":"auto","background-attachment":"scroll","background-type":"","background-media":"","overlay-type":"","overlay-color":"","overlay-opacity":"","overlay-gradient":""},"tablet":{"background-color":"var(--ast-global-color-5)","background-image":"","background-repeat":"repeat","background-position":"center center","background-size":"auto","background-attachment":"scroll","background-type":"","background-media":"","overlay-type":"","overlay-color":"","overlay-opacity":"","overlay-gradient":""},"mobile":{"background-color":"var(--ast-global-color-5)","background-image":"","background-repeat":"repeat","background-position":"center center","background-size":"auto","background-attachment":"scroll","background-type":"","background-media":"","overlay-type":"","overlay-color":"","overlay-opacity":"","overlay-gradient":""}},"_joinchat":[]},"product_brand":[],"product_cat":[61,69,58],"product_tag":[],"class_list":{"0":"post-2993","1":"product","2":"type-product","3":"status-publish","4":"has-post-thumbnail","6":"product_cat-cadeiras","7":"product_cat-giratoria","8":"product_cat-moveis-empresariais","9":"desktop-align-center","10":"tablet-align-left","11":"mobile-align-left","13":"first","14":"instock","15":"sale","16":"taxable","17":"shipping-taxable","18":"purchasable","19":"product-type-simple"},"_links":{"self":[{"href":"https:\/\/mjoffice.com.br\/index.php?rest_route=\/wp\/v2\/product\/2993","targetHints":{"allow":["GET"]}}],"collection":[{"href":"https:\/\/mjoffice.com.br\/index.php?rest_route=\/wp\/v2\/product"}],"about":[{"href":"https:\/\/mjoffice.com.br\/index.php?rest_route=\/wp\/v2\/types\/product"}],"replies":[{"embeddable":true,"href":"https:\/\/mjoffice.com.br\/index.php?rest_route=%2Fwp%2Fv2%2Fcomments&post=2993"}],"version-history":[{"count":5,"href":"https:\/\/mjoffice.com.br\/index.php?rest_route=\/wp\/v2\/product\/2993\/revisions"}],"predecessor-version":[{"id":6876,"href":"https:\/\/mjoffice.com.br\/index.php?rest_route=\/wp\/v2\/product\/2993\/revisions\/6876"}],"wp:featuredmedia":[{"embeddable":true,"href":"https:\/\/mjoffice.com.br\/index.php?rest_route=\/wp\/v2\/media\/6761"}],"wp:attachment":[{"href":"https:\/\/mjoffice.com.br\/index.php?rest_route=%2Fwp%2Fv2%2Fmedia&parent=2993"}],"wp:term":[{"taxonomy":"product_brand","embeddable":true,"href":"https:\/\/mjoffice.com.br\/index.php?rest_route=%2Fwp%2Fv2%2Fproduct_brand&post=2993"},{"taxonomy":"product_cat","embeddable":true,"href":"https:\/\/mjoffice.com.br\/index.php?rest_route=%2Fwp%2Fv2%2Fproduct_cat&post=2993"},{"taxonomy":"product_tag","embeddable":true,"href":"https:\/\/mjoffice.com.br\/index.php?rest_route=%2Fwp%2Fv2%2Fproduct_tag&post=2993"}],"curies":[{"name":"wp","href":"https:\/\/api.w.org\/{rel}","templated":true}]}}