{"id":2996,"date":"2023-05-09T18:08:46","date_gmt":"2023-05-09T21:08:46","guid":{"rendered":"https:\/\/mjoffice.com.br\/?post_type=product&#038;p=2996"},"modified":"2025-08-13T12:36:17","modified_gmt":"2025-08-13T15:36:17","slug":"cadeira-diretor-giratoria-paris","status":"publish","type":"product","link":"https:\/\/mjoffice.com.br\/?product=cadeira-diretor-giratoria-paris","title":{"rendered":"Cadeira JOB Diretor Girat\u00f3ria FK- Ergon\u00f4mica"},"content":{"rendered":"<p>Job \u00e9 a tradu\u00e7\u00e3o de conforto e modernidade. Sua ampla linha possui a solu\u00e7\u00e3o para ambientes corporativos e postos de trabalhos operativos, proporcionando conforto e ergonomia.<\/p>\n<div class=\"large-2 col pb-0 mb-0\">\n<h5 class=\"uppercase mt\">DESCRI\u00c7\u00c3O<\/h5>\n<\/div>\n<div class=\"large-10 col pb-0 mb-0\">\n<div class=\"panel entry-content\">\n<p>Capas do assento e encosto e estrutural do encosto injetados em PP, madeira compensada no assento. Espumas do assento e encosto injetadas em poliuretano flex\u00edvel de alta densidade e alta resili\u00eancia. Mecanismo Evolution de duas alavancas com movimento de inclina\u00e7\u00e3o\/contato permanente do encosto. Coluna a g\u00e1s, em conformidade DIN 4550, com curso de 120 mm para ajuste de altura do assento, com telesc\u00f3pio para prote\u00e7\u00e3o e acabamento. Base fixa ou girat\u00f3ria. Rod\u00edzio em nylon com pista em PU ou rod\u00edzios em PP. Bra\u00e7os com altura regul\u00e1vel, estruturados em chapa de a\u00e7o, com carenagem e apoio superior injetados em polipropileno 100% recicl\u00e1vel.<\/p>\n<\/div>\n<\/div>\n","protected":false},"excerpt":{"rendered":"<p>Job \u00e9 a tradu\u00e7\u00e3o de conforto e modernidade. Sua ampla linha possui a solu\u00e7\u00e3o para ambientes corporativos e postos de trabalhos operativos, proporcionando conforto e ergonomia. DESCRI\u00c7\u00c3O Capas do assento e encosto e estrutural do encosto injetados em PP, madeira compensada no assento. Espumas do assento e encosto injetadas em poliuretano flex\u00edvel de alta densidade [&hellip;]<\/p>\n","protected":false},"featured_media":2997,"comment_status":"open","ping_status":"closed","template":"","meta":{"site-sidebar-layout":"default","site-content-layout":"default","ast-site-content-layout":"default","site-content-style":"default","site-sidebar-style":"default","ast-global-header-display":"","ast-banner-title-visibility":"","ast-main-header-display":"","ast-hfb-above-header-display":"","ast-hfb-below-header-display":"","ast-hfb-mobile-header-display":"","site-post-title":"","ast-breadcrumbs-content":"","ast-featured-img":"","footer-sml-layout":"","ast-disable-related-posts":"","theme-transparent-header-meta":"default","adv-header-id-meta":"","stick-header-meta":"","header-above-stick-meta":"","header-main-stick-meta":"","header-below-stick-meta":"","astra-migrate-meta-layouts":"set","ast-page-background-enabled":"default","ast-page-background-meta":{"desktop":{"background-color":"","background-image":"","background-repeat":"repeat","background-position":"center center","background-size":"auto","background-attachment":"scroll","background-type":"","background-media":"","overlay-type":"","overlay-color":"","overlay-opacity":"","overlay-gradient":""},"tablet":{"background-color":"","background-image":"","background-repeat":"repeat","background-position":"center center","background-size":"auto","background-attachment":"scroll","background-type":"","background-media":"","overlay-type":"","overlay-color":"","overlay-opacity":"","overlay-gradient":""},"mobile":{"background-color":"","background-image":"","background-repeat":"repeat","background-position":"center center","background-size":"auto","background-attachment":"scroll","background-type":"","background-media":"","overlay-type":"","overlay-color":"","overlay-opacity":"","overlay-gradient":""}},"ast-content-background-meta":{"desktop":{"background-color":"var(--ast-global-color-5)","background-image":"","background-repeat":"repeat","background-position":"center center","background-size":"auto","background-attachment":"scroll","background-type":"","background-media":"","overlay-type":"","overlay-color":"","overlay-opacity":"","overlay-gradient":""},"tablet":{"background-color":"var(--ast-global-color-5)","background-image":"","background-repeat":"repeat","background-position":"center center","background-size":"auto","background-attachment":"scroll","background-type":"","background-media":"","overlay-type":"","overlay-color":"","overlay-opacity":"","overlay-gradient":""},"mobile":{"background-color":"var(--ast-global-color-5)","background-image":"","background-repeat":"repeat","background-position":"center center","background-size":"auto","background-attachment":"scroll","background-type":"","background-media":"","overlay-type":"","overlay-color":"","overlay-opacity":"","overlay-gradient":""}},"_joinchat":[]},"product_brand":[],"product_cat":[61,69],"product_tag":[],"class_list":{"0":"post-2996","1":"product","2":"type-product","3":"status-publish","4":"has-post-thumbnail","6":"product_cat-cadeiras","7":"product_cat-giratoria","8":"desktop-align-center","9":"tablet-align-left","10":"mobile-align-left","12":"first","13":"instock","14":"taxable","15":"shipping-taxable","16":"purchasable","17":"product-type-simple"},"_links":{"self":[{"href":"https:\/\/mjoffice.com.br\/index.php?rest_route=\/wp\/v2\/product\/2996","targetHints":{"allow":["GET"]}}],"collection":[{"href":"https:\/\/mjoffice.com.br\/index.php?rest_route=\/wp\/v2\/product"}],"about":[{"href":"https:\/\/mjoffice.com.br\/index.php?rest_route=\/wp\/v2\/types\/product"}],"replies":[{"embeddable":true,"href":"https:\/\/mjoffice.com.br\/index.php?rest_route=%2Fwp%2Fv2%2Fcomments&post=2996"}],"version-history":[{"count":2,"href":"https:\/\/mjoffice.com.br\/index.php?rest_route=\/wp\/v2\/product\/2996\/revisions"}],"predecessor-version":[{"id":5464,"href":"https:\/\/mjoffice.com.br\/index.php?rest_route=\/wp\/v2\/product\/2996\/revisions\/5464"}],"wp:featuredmedia":[{"embeddable":true,"href":"https:\/\/mjoffice.com.br\/index.php?rest_route=\/wp\/v2\/media\/2997"}],"wp:attachment":[{"href":"https:\/\/mjoffice.com.br\/index.php?rest_route=%2Fwp%2Fv2%2Fmedia&parent=2996"}],"wp:term":[{"taxonomy":"product_brand","embeddable":true,"href":"https:\/\/mjoffice.com.br\/index.php?rest_route=%2Fwp%2Fv2%2Fproduct_brand&post=2996"},{"taxonomy":"product_cat","embeddable":true,"href":"https:\/\/mjoffice.com.br\/index.php?rest_route=%2Fwp%2Fv2%2Fproduct_cat&post=2996"},{"taxonomy":"product_tag","embeddable":true,"href":"https:\/\/mjoffice.com.br\/index.php?rest_route=%2Fwp%2Fv2%2Fproduct_tag&post=2996"}],"curies":[{"name":"wp","href":"https:\/\/api.w.org\/{rel}","templated":true}]}}