{"id":3040,"date":"2023-05-10T10:08:36","date_gmt":"2023-05-10T13:08:36","guid":{"rendered":"https:\/\/mjoffice.com.br\/?post_type=product&#038;p=3040"},"modified":"2025-02-04T12:19:01","modified_gmt":"2025-02-04T15:19:01","slug":"cadeira-presidente-injetada-anatomica-tecido-base-cromada","status":"publish","type":"product","link":"https:\/\/mjoffice.com.br\/?product=cadeira-presidente-injetada-anatomica-tecido-base-cromada","title":{"rendered":"Cadeira Presidente Injetada Anat\u00f4mica Tecido Base Cromada"},"content":{"rendered":"<p>Cadeira Presidente convencional, revestimento em tecido ou courino.<\/p>\n<p>Espuma injetada anat\u00f4mica.<br \/>\nBra\u00e7os cromados.<\/p>\n<p>Base girat\u00f3ria cromada.<\/p>\n<p>Regulagem de altura.<br \/>\npist\u00e3o classe 3<\/p>\n<p>Com mecanismo relax.<br \/>\nRod\u00edzios de silicone.<br \/>\nSuporta at\u00e9 120 kg.<\/p>\n","protected":false},"excerpt":{"rendered":"<p>Cadeira Presidente convencional, revestimento em tecido ou courino. Espuma injetada anat\u00f4mica. Bra\u00e7os cromados. Base girat\u00f3ria cromada. Regulagem de altura. pist\u00e3o classe 3 Com mecanismo relax. Rod\u00edzios de silicone. Suporta at\u00e9 120 kg.<\/p>\n","protected":false},"featured_media":3041,"comment_status":"open","ping_status":"closed","template":"","meta":{"site-sidebar-layout":"default","site-content-layout":"default","ast-site-content-layout":"default","site-content-style":"default","site-sidebar-style":"default","ast-global-header-display":"","ast-banner-title-visibility":"","ast-main-header-display":"","ast-hfb-above-header-display":"","ast-hfb-below-header-display":"","ast-hfb-mobile-header-display":"","site-post-title":"","ast-breadcrumbs-content":"","ast-featured-img":"","footer-sml-layout":"","ast-disable-related-posts":"","theme-transparent-header-meta":"default","adv-header-id-meta":"","stick-header-meta":"","header-above-stick-meta":"","header-main-stick-meta":"","header-below-stick-meta":"","astra-migrate-meta-layouts":"set","ast-page-background-enabled":"default","ast-page-background-meta":{"desktop":{"background-color":"","background-image":"","background-repeat":"repeat","background-position":"center center","background-size":"auto","background-attachment":"scroll","background-type":"","background-media":"","overlay-type":"","overlay-color":"","overlay-opacity":"","overlay-gradient":""},"tablet":{"background-color":"","background-image":"","background-repeat":"repeat","background-position":"center center","background-size":"auto","background-attachment":"scroll","background-type":"","background-media":"","overlay-type":"","overlay-color":"","overlay-opacity":"","overlay-gradient":""},"mobile":{"background-color":"","background-image":"","background-repeat":"repeat","background-position":"center center","background-size":"auto","background-attachment":"scroll","background-type":"","background-media":"","overlay-type":"","overlay-color":"","overlay-opacity":"","overlay-gradient":""}},"ast-content-background-meta":{"desktop":{"background-color":"var(--ast-global-color-5)","background-image":"","background-repeat":"repeat","background-position":"center center","background-size":"auto","background-attachment":"scroll","background-type":"","background-media":"","overlay-type":"","overlay-color":"","overlay-opacity":"","overlay-gradient":""},"tablet":{"background-color":"var(--ast-global-color-5)","background-image":"","background-repeat":"repeat","background-position":"center center","background-size":"auto","background-attachment":"scroll","background-type":"","background-media":"","overlay-type":"","overlay-color":"","overlay-opacity":"","overlay-gradient":""},"mobile":{"background-color":"var(--ast-global-color-5)","background-image":"","background-repeat":"repeat","background-position":"center center","background-size":"auto","background-attachment":"scroll","background-type":"","background-media":"","overlay-type":"","overlay-color":"","overlay-opacity":"","overlay-gradient":""}},"_joinchat":[]},"product_brand":[],"product_cat":[61,69],"product_tag":[],"class_list":{"0":"post-3040","1":"product","2":"type-product","3":"status-publish","4":"has-post-thumbnail","6":"product_cat-cadeiras","7":"product_cat-giratoria","8":"desktop-align-center","9":"tablet-align-left","10":"mobile-align-left","12":"first","13":"instock","14":"taxable","15":"shipping-taxable","16":"purchasable","17":"product-type-simple"},"_links":{"self":[{"href":"https:\/\/mjoffice.com.br\/index.php?rest_route=\/wp\/v2\/product\/3040","targetHints":{"allow":["GET"]}}],"collection":[{"href":"https:\/\/mjoffice.com.br\/index.php?rest_route=\/wp\/v2\/product"}],"about":[{"href":"https:\/\/mjoffice.com.br\/index.php?rest_route=\/wp\/v2\/types\/product"}],"replies":[{"embeddable":true,"href":"https:\/\/mjoffice.com.br\/index.php?rest_route=%2Fwp%2Fv2%2Fcomments&post=3040"}],"version-history":[{"count":2,"href":"https:\/\/mjoffice.com.br\/index.php?rest_route=\/wp\/v2\/product\/3040\/revisions"}],"predecessor-version":[{"id":6074,"href":"https:\/\/mjoffice.com.br\/index.php?rest_route=\/wp\/v2\/product\/3040\/revisions\/6074"}],"wp:featuredmedia":[{"embeddable":true,"href":"https:\/\/mjoffice.com.br\/index.php?rest_route=\/wp\/v2\/media\/3041"}],"wp:attachment":[{"href":"https:\/\/mjoffice.com.br\/index.php?rest_route=%2Fwp%2Fv2%2Fmedia&parent=3040"}],"wp:term":[{"taxonomy":"product_brand","embeddable":true,"href":"https:\/\/mjoffice.com.br\/index.php?rest_route=%2Fwp%2Fv2%2Fproduct_brand&post=3040"},{"taxonomy":"product_cat","embeddable":true,"href":"https:\/\/mjoffice.com.br\/index.php?rest_route=%2Fwp%2Fv2%2Fproduct_cat&post=3040"},{"taxonomy":"product_tag","embeddable":true,"href":"https:\/\/mjoffice.com.br\/index.php?rest_route=%2Fwp%2Fv2%2Fproduct_tag&post=3040"}],"curies":[{"name":"wp","href":"https:\/\/api.w.org\/{rel}","templated":true}]}}