{"id":3259,"date":"2023-05-11T15:55:40","date_gmt":"2023-05-11T18:55:40","guid":{"rendered":"https:\/\/mjoffice.com.br\/?post_type=product&#038;p=3259"},"modified":"2024-12-26T14:39:50","modified_gmt":"2024-12-26T17:39:50","slug":"conjunto-escolar-fnde-cja-3","status":"publish","type":"product","link":"https:\/\/mjoffice.com.br\/?product=conjunto-escolar-fnde-cja-3","title":{"rendered":"Conjunto Escolar FNDE CJA 3"},"content":{"rendered":"<p><strong>Dimens\u00f5es aproximadas:<\/strong><br \/>\n<strong>CJA-03 <\/strong><\/p>\n<p><strong>MESA (L x P x A) &#8211; 0,60X0,45X0,59<\/strong><br \/>\nCadeira: Assento e Encosto em Polipropileno e afixado \u00e0 estrutura por rebites de repuxo. Em polipropileno copol\u00edmetro virgem, com o s\u00edmbolo internacional de reciclagem e afixado por meio de encaixe. Estrutura tubular \u00d8 20,7 mm (CH 14).<\/p>\n<p>CJA-03: CADEIRA<br \/>\nEncosto 396 x 198<br \/>\nAssento 400 x 310<br \/>\nAltura at\u00e9 o assento 350 mm.<br \/>\nObserva\u00e7\u00f5es: Conjunto indicado para jardim e pr\u00e9-escola. Recomendado para crian\u00e7as de 1,19 a 1,42 m de altura,\u00a0 (3 a 5 anos).<\/p>\n<p>&nbsp;<\/p>\n","protected":false},"excerpt":{"rendered":"<p>Dimens\u00f5es aproximadas: CJA-03 MESA (L x P x A) &#8211; 0,60X0,45X0,59 Cadeira: Assento e Encosto em Polipropileno e afixado \u00e0 estrutura por rebites de repuxo. Em polipropileno copol\u00edmetro virgem, com o s\u00edmbolo internacional de reciclagem e afixado por meio de encaixe. Estrutura tubular \u00d8 20,7 mm (CH 14). CJA-03: CADEIRA Encosto 396 x 198 Assento [&hellip;]<\/p>\n","protected":false},"featured_media":5966,"comment_status":"open","ping_status":"closed","template":"","meta":{"site-sidebar-layout":"default","site-content-layout":"default","ast-site-content-layout":"default","site-content-style":"default","site-sidebar-style":"default","ast-global-header-display":"","ast-banner-title-visibility":"","ast-main-header-display":"","ast-hfb-above-header-display":"","ast-hfb-below-header-display":"","ast-hfb-mobile-header-display":"","site-post-title":"","ast-breadcrumbs-content":"","ast-featured-img":"","footer-sml-layout":"","ast-disable-related-posts":"","theme-transparent-header-meta":"default","adv-header-id-meta":"","stick-header-meta":"","header-above-stick-meta":"","header-main-stick-meta":"","header-below-stick-meta":"","astra-migrate-meta-layouts":"set","ast-page-background-enabled":"default","ast-page-background-meta":{"desktop":{"background-color":"","background-image":"","background-repeat":"repeat","background-position":"center center","background-size":"auto","background-attachment":"scroll","background-type":"","background-media":"","overlay-type":"","overlay-color":"","overlay-opacity":"","overlay-gradient":""},"tablet":{"background-color":"","background-image":"","background-repeat":"repeat","background-position":"center center","background-size":"auto","background-attachment":"scroll","background-type":"","background-media":"","overlay-type":"","overlay-color":"","overlay-opacity":"","overlay-gradient":""},"mobile":{"background-color":"","background-image":"","background-repeat":"repeat","background-position":"center center","background-size":"auto","background-attachment":"scroll","background-type":"","background-media":"","overlay-type":"","overlay-color":"","overlay-opacity":"","overlay-gradient":""}},"ast-content-background-meta":{"desktop":{"background-color":"var(--ast-global-color-5)","background-image":"","background-repeat":"repeat","background-position":"center center","background-size":"auto","background-attachment":"scroll","background-type":"","background-media":"","overlay-type":"","overlay-color":"","overlay-opacity":"","overlay-gradient":""},"tablet":{"background-color":"var(--ast-global-color-5)","background-image":"","background-repeat":"repeat","background-position":"center center","background-size":"auto","background-attachment":"scroll","background-type":"","background-media":"","overlay-type":"","overlay-color":"","overlay-opacity":"","overlay-gradient":""},"mobile":{"background-color":"var(--ast-global-color-5)","background-image":"","background-repeat":"repeat","background-position":"center center","background-size":"auto","background-attachment":"scroll","background-type":"","background-media":"","overlay-type":"","overlay-color":"","overlay-opacity":"","overlay-gradient":""}},"_joinchat":[]},"product_brand":[],"product_cat":[90,57],"product_tag":[],"class_list":{"0":"post-3259","1":"product","2":"type-product","3":"status-publish","4":"has-post-thumbnail","6":"product_cat-conjuntos-fnde","7":"product_cat-moveis-escolares","8":"desktop-align-center","9":"tablet-align-left","10":"mobile-align-left","12":"first","13":"instock","14":"taxable","15":"shipping-taxable","16":"purchasable","17":"product-type-simple"},"_links":{"self":[{"href":"https:\/\/mjoffice.com.br\/index.php?rest_route=\/wp\/v2\/product\/3259","targetHints":{"allow":["GET"]}}],"collection":[{"href":"https:\/\/mjoffice.com.br\/index.php?rest_route=\/wp\/v2\/product"}],"about":[{"href":"https:\/\/mjoffice.com.br\/index.php?rest_route=\/wp\/v2\/types\/product"}],"replies":[{"embeddable":true,"href":"https:\/\/mjoffice.com.br\/index.php?rest_route=%2Fwp%2Fv2%2Fcomments&post=3259"}],"version-history":[{"count":2,"href":"https:\/\/mjoffice.com.br\/index.php?rest_route=\/wp\/v2\/product\/3259\/revisions"}],"predecessor-version":[{"id":5968,"href":"https:\/\/mjoffice.com.br\/index.php?rest_route=\/wp\/v2\/product\/3259\/revisions\/5968"}],"wp:featuredmedia":[{"embeddable":true,"href":"https:\/\/mjoffice.com.br\/index.php?rest_route=\/wp\/v2\/media\/5966"}],"wp:attachment":[{"href":"https:\/\/mjoffice.com.br\/index.php?rest_route=%2Fwp%2Fv2%2Fmedia&parent=3259"}],"wp:term":[{"taxonomy":"product_brand","embeddable":true,"href":"https:\/\/mjoffice.com.br\/index.php?rest_route=%2Fwp%2Fv2%2Fproduct_brand&post=3259"},{"taxonomy":"product_cat","embeddable":true,"href":"https:\/\/mjoffice.com.br\/index.php?rest_route=%2Fwp%2Fv2%2Fproduct_cat&post=3259"},{"taxonomy":"product_tag","embeddable":true,"href":"https:\/\/mjoffice.com.br\/index.php?rest_route=%2Fwp%2Fv2%2Fproduct_tag&post=3259"}],"curies":[{"name":"wp","href":"https:\/\/api.w.org\/{rel}","templated":true}]}}