{"id":3268,"date":"2023-05-11T15:58:49","date_gmt":"2023-05-11T18:58:49","guid":{"rendered":"https:\/\/mjoffice.com.br\/?post_type=product&#038;p=3268"},"modified":"2024-12-26T15:25:56","modified_gmt":"2024-12-26T18:25:56","slug":"conjunto-escolar-fnde-cja-6","status":"publish","type":"product","link":"https:\/\/mjoffice.com.br\/?product=conjunto-escolar-fnde-cja-6","title":{"rendered":"Conjunto Escolar FNDE CJA 6"},"content":{"rendered":"<h3 class=\"product\">Cadeira<\/h3>\n<h5 class=\"category\">FNDE<\/h5>\n<p class=\"m-0\">Ref: CJA-06 Cadeira<\/p>\n<div>\n<p class=\"conteudo show\">Estrutura em tubo de a\u00e7o 20,7mm. Ponteiras e sapatas em polipropileno na cor AZUL, fixadas. Pintura dos elementos met\u00e1licos com tinta em p\u00f3 h\u00edbrida ep\u00f3xi, eletrost\u00e1tica brilhante na cor CINZA. Assento (400x430mm) e encosto (396x198mm) em polipropileno na cor AZUL. Nas partes met\u00e1licas deve ser aplicado tratamento anti-ferruginoso. Soldagem pelo processo MIG em todas as jun\u00e7\u00f5es. Altura do assento ao ch\u00e3o 460mm.<\/p>\n<h3 class=\"product\">Mesa<\/h3>\n<h5 class=\"category\">FNDE<\/h5>\n<p class=\"m-0\">Ref: CJA-06 Mesa<\/p>\n<div>\n<p class=\"conteudo show\">Laterais e suporte do porta livros confeccionados em tubo de a\u00e7o sec\u00e7\u00e3o oblonga de 29x58mm. P\u00e9s em tubo de a\u00e7o sec\u00e7\u00e3o circular 38mm. Fechamento com ponteiras e sapatas em polipropileno injetadas na cor AZUL. Nas partes met\u00e1licas deve ser aplicado tratamento anti-ferruginoso. Soldagem pelo processo MIG em todas as jun\u00e7\u00f5es. Tampo (600x450mm) em madeira aglomerada (MDP), acabamento texturizado na cor CINZA. Porta livros (503x304mm) em polipropileno injetado na cor CINZA. Pintura dos elementos met\u00e1licos com tinta em p\u00f3 h\u00edbrida ep\u00f3xi, eletrost\u00e1tica brilhante na cor CINZA. Altura da mesa: 760mm.<\/p>\n<\/div>\n<\/div>\n","protected":false},"excerpt":{"rendered":"<p>Cadeira FNDE Ref: CJA-06 Cadeira Estrutura em tubo de a\u00e7o 20,7mm. Ponteiras e sapatas em polipropileno na cor AZUL, fixadas. Pintura dos elementos met\u00e1licos com tinta em p\u00f3 h\u00edbrida ep\u00f3xi, eletrost\u00e1tica brilhante na cor CINZA. Assento (400x430mm) e encosto (396x198mm) em polipropileno na cor AZUL. Nas partes met\u00e1licas deve ser aplicado tratamento anti-ferruginoso. Soldagem pelo [&hellip;]<\/p>\n","protected":false},"featured_media":3269,"comment_status":"open","ping_status":"closed","template":"","meta":{"site-sidebar-layout":"default","site-content-layout":"default","ast-site-content-layout":"default","site-content-style":"default","site-sidebar-style":"default","ast-global-header-display":"","ast-banner-title-visibility":"","ast-main-header-display":"","ast-hfb-above-header-display":"","ast-hfb-below-header-display":"","ast-hfb-mobile-header-display":"","site-post-title":"","ast-breadcrumbs-content":"","ast-featured-img":"","footer-sml-layout":"","ast-disable-related-posts":"","theme-transparent-header-meta":"default","adv-header-id-meta":"","stick-header-meta":"","header-above-stick-meta":"","header-main-stick-meta":"","header-below-stick-meta":"","astra-migrate-meta-layouts":"set","ast-page-background-enabled":"default","ast-page-background-meta":{"desktop":{"background-color":"","background-image":"","background-repeat":"repeat","background-position":"center center","background-size":"auto","background-attachment":"scroll","background-type":"","background-media":"","overlay-type":"","overlay-color":"","overlay-opacity":"","overlay-gradient":""},"tablet":{"background-color":"","background-image":"","background-repeat":"repeat","background-position":"center center","background-size":"auto","background-attachment":"scroll","background-type":"","background-media":"","overlay-type":"","overlay-color":"","overlay-opacity":"","overlay-gradient":""},"mobile":{"background-color":"","background-image":"","background-repeat":"repeat","background-position":"center center","background-size":"auto","background-attachment":"scroll","background-type":"","background-media":"","overlay-type":"","overlay-color":"","overlay-opacity":"","overlay-gradient":""}},"ast-content-background-meta":{"desktop":{"background-color":"var(--ast-global-color-5)","background-image":"","background-repeat":"repeat","background-position":"center center","background-size":"auto","background-attachment":"scroll","background-type":"","background-media":"","overlay-type":"","overlay-color":"","overlay-opacity":"","overlay-gradient":""},"tablet":{"background-color":"var(--ast-global-color-5)","background-image":"","background-repeat":"repeat","background-position":"center center","background-size":"auto","background-attachment":"scroll","background-type":"","background-media":"","overlay-type":"","overlay-color":"","overlay-opacity":"","overlay-gradient":""},"mobile":{"background-color":"var(--ast-global-color-5)","background-image":"","background-repeat":"repeat","background-position":"center center","background-size":"auto","background-attachment":"scroll","background-type":"","background-media":"","overlay-type":"","overlay-color":"","overlay-opacity":"","overlay-gradient":""}},"_joinchat":[]},"product_brand":[],"product_cat":[90,57],"product_tag":[],"class_list":{"0":"post-3268","1":"product","2":"type-product","3":"status-publish","4":"has-post-thumbnail","6":"product_cat-conjuntos-fnde","7":"product_cat-moveis-escolares","8":"desktop-align-center","9":"tablet-align-left","10":"mobile-align-left","12":"first","13":"instock","14":"taxable","15":"shipping-taxable","16":"purchasable","17":"product-type-simple"},"_links":{"self":[{"href":"https:\/\/mjoffice.com.br\/index.php?rest_route=\/wp\/v2\/product\/3268","targetHints":{"allow":["GET"]}}],"collection":[{"href":"https:\/\/mjoffice.com.br\/index.php?rest_route=\/wp\/v2\/product"}],"about":[{"href":"https:\/\/mjoffice.com.br\/index.php?rest_route=\/wp\/v2\/types\/product"}],"replies":[{"embeddable":true,"href":"https:\/\/mjoffice.com.br\/index.php?rest_route=%2Fwp%2Fv2%2Fcomments&post=3268"}],"version-history":[{"count":2,"href":"https:\/\/mjoffice.com.br\/index.php?rest_route=\/wp\/v2\/product\/3268\/revisions"}],"predecessor-version":[{"id":5974,"href":"https:\/\/mjoffice.com.br\/index.php?rest_route=\/wp\/v2\/product\/3268\/revisions\/5974"}],"wp:featuredmedia":[{"embeddable":true,"href":"https:\/\/mjoffice.com.br\/index.php?rest_route=\/wp\/v2\/media\/3269"}],"wp:attachment":[{"href":"https:\/\/mjoffice.com.br\/index.php?rest_route=%2Fwp%2Fv2%2Fmedia&parent=3268"}],"wp:term":[{"taxonomy":"product_brand","embeddable":true,"href":"https:\/\/mjoffice.com.br\/index.php?rest_route=%2Fwp%2Fv2%2Fproduct_brand&post=3268"},{"taxonomy":"product_cat","embeddable":true,"href":"https:\/\/mjoffice.com.br\/index.php?rest_route=%2Fwp%2Fv2%2Fproduct_cat&post=3268"},{"taxonomy":"product_tag","embeddable":true,"href":"https:\/\/mjoffice.com.br\/index.php?rest_route=%2Fwp%2Fv2%2Fproduct_tag&post=3268"}],"curies":[{"name":"wp","href":"https:\/\/api.w.org\/{rel}","templated":true}]}}