{"id":4117,"date":"2023-06-19T16:47:36","date_gmt":"2023-06-19T19:47:36","guid":{"rendered":"https:\/\/mjoffice.com.br\/?post_type=product&#038;p=4117"},"modified":"2024-12-16T13:14:40","modified_gmt":"2024-12-16T16:14:40","slug":"cadeira-secretaria-fixa","status":"publish","type":"product","link":"https:\/\/mjoffice.com.br\/?product=cadeira-secretaria-fixa","title":{"rendered":"Cadeira Secret\u00e1ria Fixa"},"content":{"rendered":"<p><span style=\"font-size: 16px; -webkit-text-size-adjust: 100%;\"><strong><span class=\"s1\">PROMO\u00c7\u00c3O V\u00c1LIDA SOMENTE PARA PAGAMENTO \u00c0 VISTA<\/span><\/strong><\/span><strong style=\"font-size: 16px; -webkit-text-size-adjust: 100%;\"><span class=\"s1\">(dinheiro ou pix)<\/span><\/strong><\/p>\n<p><strong>&#8211; Para compras no cart\u00e3o de d\u00e9bito \/cr\u00e9dito, valor sem desconto, R$ 120,00 parcelamos em at\u00e9 6x sem juros nos cart\u00f5es visa ou maste<\/strong>r.<\/p>\n<p><span style=\"font-size: 16px; -webkit-text-size-adjust: 100%;\">Cadeira modelo secretaria fixa com 4 p\u00e9s estrutura de ferro, assento e encosto estofado em tecido.<\/span><\/p>\n<p class=\"p1\"><span class=\"s1\">Ideal para atendimento, compacta e resistente. Uma \u00f3tima op\u00e7\u00e3o para ambientes de trabalho e homework. Durabilidade e conforto de maneira pr\u00e1tica e acess\u00edvel. Melhor custo benef\u00edcio do mercado. <\/span><\/p>\n<p class=\"p1\"><strong><span class=\"s2\">Modelo<\/span><\/strong><span class=\"s1\">: secretaria fixa <\/span><\/p>\n<p class=\"p1\"><span class=\"s1\"><strong>Estrutura<\/strong>: Fixa 4 p\u00e9s, tubo 3\/4 18\u201d soldagem MIG com barra de refor\u00e7o na lateral da base, pintura ep\u00f3xi eletrost\u00e1tica na cor preta, acabamento ponteira pvc nas extremidades. <\/span><\/p>\n<p class=\"p1\"><strong><span class=\"s2\">Assento<\/span><\/strong><span class=\"s1\">: estofado em tecido(diversas cores)<\/span><\/p>\n<p class=\"p1\"><strong><span class=\"s2\">Encosto<\/span><\/strong><span class=\"s1\">: estofado em tecido (diversas cores) <\/span><\/p>\n<p class=\"p1\"><span class=\"s1\">&#8211; Madeira reta, espuma laminada, fixados a base por meio de parafusos porca garra, acabamento lateral em torno em perfil pvc preto. <\/span><\/p>\n<p class=\"p1\"><strong><span class=\"s2\">Dimens\u00f5es<\/span><\/strong><span class=\"s1\">: 0,39m largura x 0,46 profundidade x 0,45m altura do ch\u00e3o at\u00e9 o assento.<\/span><\/p>\n<p class=\"p1\"><strong><span class=\"s2\">Peso<\/span><\/strong><span class=\"s1\">: 8kg<\/span><\/p>\n<p class=\"p1\"><strong><span class=\"s2\">Suporta<\/span><\/strong><span class=\"s1\">: at\u00e9 100kg <\/span><\/p>\n<p class=\"p1\"><strong><span class=\"s2\">Garantia<\/span><\/strong><span class=\"s1\">: 06 meses<\/span><\/p>\n<p class=\"p1\"><strong><span class=\"s2\">Marca<\/span><\/strong><span class=\"s1\">: Fabrica\u00e7\u00e3o Pr\u00f3pria<\/span><\/p>\n<p>** frete ou entrega por conta do comprador, favor consultar o setor de vendas. Enviamos via transportadora por conta do cliente, favor verificar possibilidade de envia para sua regi\u00e3o.<\/p>\n<p>&nbsp;<\/p>\n","protected":false},"excerpt":{"rendered":"<p class=\"p1\"><span class=\"s1\">Cadeira modelo secretaria fixa com 4 p\u00e9s estrutura de ferro, assento e encosto estofado em tecido. <\/span><\/p>\n<p class=\"p1\"><strong><span class=\"s1\">PROMO\u00c7\u00c3O V\u00c1LIDA SOMENTE PARA PAGAMENTO \u00c0 VISTA ( dinheiro ou pix)<\/span><\/strong><\/p>\n","protected":false},"featured_media":4251,"comment_status":"open","ping_status":"closed","template":"","meta":{"site-sidebar-layout":"default","site-content-layout":"default","ast-site-content-layout":"default","site-content-style":"default","site-sidebar-style":"default","ast-global-header-display":"","ast-banner-title-visibility":"","ast-main-header-display":"","ast-hfb-above-header-display":"","ast-hfb-below-header-display":"","ast-hfb-mobile-header-display":"","site-post-title":"","ast-breadcrumbs-content":"","ast-featured-img":"","footer-sml-layout":"","ast-disable-related-posts":"","theme-transparent-header-meta":"default","adv-header-id-meta":"","stick-header-meta":"","header-above-stick-meta":"","header-main-stick-meta":"","header-below-stick-meta":"","astra-migrate-meta-layouts":"set","ast-page-background-enabled":"default","ast-page-background-meta":{"desktop":{"background-color":"","background-image":"","background-repeat":"repeat","background-position":"center center","background-size":"auto","background-attachment":"scroll","background-type":"","background-media":"","overlay-type":"","overlay-color":"","overlay-opacity":"","overlay-gradient":""},"tablet":{"background-color":"","background-image":"","background-repeat":"repeat","background-position":"center center","background-size":"auto","background-attachment":"scroll","background-type":"","background-media":"","overlay-type":"","overlay-color":"","overlay-opacity":"","overlay-gradient":""},"mobile":{"background-color":"","background-image":"","background-repeat":"repeat","background-position":"center center","background-size":"auto","background-attachment":"scroll","background-type":"","background-media":"","overlay-type":"","overlay-color":"","overlay-opacity":"","overlay-gradient":""}},"ast-content-background-meta":{"desktop":{"background-color":"var(--ast-global-color-5)","background-image":"","background-repeat":"repeat","background-position":"center center","background-size":"auto","background-attachment":"scroll","background-type":"","background-media":"","overlay-type":"","overlay-color":"","overlay-opacity":"","overlay-gradient":""},"tablet":{"background-color":"var(--ast-global-color-5)","background-image":"","background-repeat":"repeat","background-position":"center center","background-size":"auto","background-attachment":"scroll","background-type":"","background-media":"","overlay-type":"","overlay-color":"","overlay-opacity":"","overlay-gradient":""},"mobile":{"background-color":"var(--ast-global-color-5)","background-image":"","background-repeat":"repeat","background-position":"center center","background-size":"auto","background-attachment":"scroll","background-type":"","background-media":"","overlay-type":"","overlay-color":"","overlay-opacity":"","overlay-gradient":""}},"_joinchat":[]},"product_brand":[],"product_cat":[61,62,58],"product_tag":[],"class_list":{"0":"post-4117","1":"product","2":"type-product","3":"status-publish","4":"has-post-thumbnail","6":"product_cat-cadeiras","7":"product_cat-cadeiras-fixas","8":"product_cat-moveis-empresariais","9":"desktop-align-center","10":"tablet-align-left","11":"mobile-align-left","13":"first","14":"instock","15":"sale","16":"taxable","17":"shipping-taxable","18":"purchasable","19":"product-type-simple"},"_links":{"self":[{"href":"https:\/\/mjoffice.com.br\/index.php?rest_route=\/wp\/v2\/product\/4117","targetHints":{"allow":["GET"]}}],"collection":[{"href":"https:\/\/mjoffice.com.br\/index.php?rest_route=\/wp\/v2\/product"}],"about":[{"href":"https:\/\/mjoffice.com.br\/index.php?rest_route=\/wp\/v2\/types\/product"}],"replies":[{"embeddable":true,"href":"https:\/\/mjoffice.com.br\/index.php?rest_route=%2Fwp%2Fv2%2Fcomments&post=4117"}],"version-history":[{"count":2,"href":"https:\/\/mjoffice.com.br\/index.php?rest_route=\/wp\/v2\/product\/4117\/revisions"}],"predecessor-version":[{"id":5602,"href":"https:\/\/mjoffice.com.br\/index.php?rest_route=\/wp\/v2\/product\/4117\/revisions\/5602"}],"wp:featuredmedia":[{"embeddable":true,"href":"https:\/\/mjoffice.com.br\/index.php?rest_route=\/wp\/v2\/media\/4251"}],"wp:attachment":[{"href":"https:\/\/mjoffice.com.br\/index.php?rest_route=%2Fwp%2Fv2%2Fmedia&parent=4117"}],"wp:term":[{"taxonomy":"product_brand","embeddable":true,"href":"https:\/\/mjoffice.com.br\/index.php?rest_route=%2Fwp%2Fv2%2Fproduct_brand&post=4117"},{"taxonomy":"product_cat","embeddable":true,"href":"https:\/\/mjoffice.com.br\/index.php?rest_route=%2Fwp%2Fv2%2Fproduct_cat&post=4117"},{"taxonomy":"product_tag","embeddable":true,"href":"https:\/\/mjoffice.com.br\/index.php?rest_route=%2Fwp%2Fv2%2Fproduct_tag&post=4117"}],"curies":[{"name":"wp","href":"https:\/\/api.w.org\/{rel}","templated":true}]}}