{"id":4710,"date":"2023-09-06T16:54:17","date_gmt":"2023-09-06T19:54:17","guid":{"rendered":"https:\/\/mjoffice.com.br\/?post_type=product&#038;p=4710"},"modified":"2026-04-24T10:04:47","modified_gmt":"2026-04-24T13:04:47","slug":"cadeira-presidente-tela-com-apoio-de-cabeca-modelo-volt-fk","status":"publish","type":"product","link":"https:\/\/mjoffice.com.br\/?product=cadeira-presidente-tela-com-apoio-de-cabeca-modelo-volt-fk","title":{"rendered":"Cadeira presidente tela  &#8211; com apoio de cabe\u00e7a &#8211; modelo Volt &#8211; FK"},"content":{"rendered":"<p>Volt \u00e9 conceituada por seu design e ergonomia. Possui encosto em tela com objetivo claro de trazer o conforto ao usu\u00e1rio, al\u00e9m de possuir apoio lombar garante um n\u00edvel de ajuste a todos os tipos de bi\u00f3tipos. Seu design, deixa exclusiva em seu segmento, tornando-se uma cadeira para atender a v\u00e1rios ambientes corporativos. Volt tamb\u00e9m \u00e9 composta de apoio de cabe\u00e7a regul\u00e1vel, trazendo equil\u00edbrio est\u00e9tico e fundamentalmente conforto.<\/p>\n<p>NR17<\/p>\n","protected":false},"excerpt":{"rendered":"<p>Cadeira Presidente Volt &#8211; encosto de tela &#8211; com apoio de cabe\u00e7a<br \/>\nbase girat\u00f3ria &#8211; flange com relax\u00a0 &#8211; bra\u00e7os fixos &#8211; base piramide<\/p>\n<p>assento com revestimento tecido poliester preto<\/p>\n<p>(produto importado)<\/p>\n","protected":false},"featured_media":6933,"comment_status":"open","ping_status":"closed","template":"","meta":{"site-sidebar-layout":"default","site-content-layout":"","ast-site-content-layout":"default","site-content-style":"default","site-sidebar-style":"default","ast-global-header-display":"","ast-banner-title-visibility":"","ast-main-header-display":"","ast-hfb-above-header-display":"","ast-hfb-below-header-display":"","ast-hfb-mobile-header-display":"","site-post-title":"","ast-breadcrumbs-content":"","ast-featured-img":"","footer-sml-layout":"","ast-disable-related-posts":"","theme-transparent-header-meta":"default","adv-header-id-meta":"","stick-header-meta":"","header-above-stick-meta":"","header-main-stick-meta":"","header-below-stick-meta":"","astra-migrate-meta-layouts":"set","ast-page-background-enabled":"default","ast-page-background-meta":{"desktop":{"background-color":"","background-image":"","background-repeat":"repeat","background-position":"center center","background-size":"auto","background-attachment":"scroll","background-type":"","background-media":"","overlay-type":"","overlay-color":"","overlay-opacity":"","overlay-gradient":""},"tablet":{"background-color":"","background-image":"","background-repeat":"repeat","background-position":"center center","background-size":"auto","background-attachment":"scroll","background-type":"","background-media":"","overlay-type":"","overlay-color":"","overlay-opacity":"","overlay-gradient":""},"mobile":{"background-color":"","background-image":"","background-repeat":"repeat","background-position":"center center","background-size":"auto","background-attachment":"scroll","background-type":"","background-media":"","overlay-type":"","overlay-color":"","overlay-opacity":"","overlay-gradient":""}},"ast-content-background-meta":{"desktop":{"background-color":"var(--ast-global-color-5)","background-image":"","background-repeat":"repeat","background-position":"center center","background-size":"auto","background-attachment":"scroll","background-type":"","background-media":"","overlay-type":"","overlay-color":"","overlay-opacity":"","overlay-gradient":""},"tablet":{"background-color":"var(--ast-global-color-5)","background-image":"","background-repeat":"repeat","background-position":"center center","background-size":"auto","background-attachment":"scroll","background-type":"","background-media":"","overlay-type":"","overlay-color":"","overlay-opacity":"","overlay-gradient":""},"mobile":{"background-color":"var(--ast-global-color-5)","background-image":"","background-repeat":"repeat","background-position":"center center","background-size":"auto","background-attachment":"scroll","background-type":"","background-media":"","overlay-type":"","overlay-color":"","overlay-opacity":"","overlay-gradient":""}},"_joinchat":[]},"product_brand":[],"product_cat":[82],"product_tag":[],"class_list":{"0":"post-4710","1":"product","2":"type-product","3":"status-publish","4":"has-post-thumbnail","6":"product_cat-importadas","7":"desktop-align-center","8":"tablet-align-left","9":"mobile-align-left","11":"first","12":"instock","13":"taxable","14":"shipping-taxable","15":"purchasable","16":"product-type-simple"},"_links":{"self":[{"href":"https:\/\/mjoffice.com.br\/index.php?rest_route=\/wp\/v2\/product\/4710","targetHints":{"allow":["GET"]}}],"collection":[{"href":"https:\/\/mjoffice.com.br\/index.php?rest_route=\/wp\/v2\/product"}],"about":[{"href":"https:\/\/mjoffice.com.br\/index.php?rest_route=\/wp\/v2\/types\/product"}],"replies":[{"embeddable":true,"href":"https:\/\/mjoffice.com.br\/index.php?rest_route=%2Fwp%2Fv2%2Fcomments&post=4710"}],"version-history":[{"count":4,"href":"https:\/\/mjoffice.com.br\/index.php?rest_route=\/wp\/v2\/product\/4710\/revisions"}],"predecessor-version":[{"id":6428,"href":"https:\/\/mjoffice.com.br\/index.php?rest_route=\/wp\/v2\/product\/4710\/revisions\/6428"}],"wp:featuredmedia":[{"embeddable":true,"href":"https:\/\/mjoffice.com.br\/index.php?rest_route=\/wp\/v2\/media\/6933"}],"wp:attachment":[{"href":"https:\/\/mjoffice.com.br\/index.php?rest_route=%2Fwp%2Fv2%2Fmedia&parent=4710"}],"wp:term":[{"taxonomy":"product_brand","embeddable":true,"href":"https:\/\/mjoffice.com.br\/index.php?rest_route=%2Fwp%2Fv2%2Fproduct_brand&post=4710"},{"taxonomy":"product_cat","embeddable":true,"href":"https:\/\/mjoffice.com.br\/index.php?rest_route=%2Fwp%2Fv2%2Fproduct_cat&post=4710"},{"taxonomy":"product_tag","embeddable":true,"href":"https:\/\/mjoffice.com.br\/index.php?rest_route=%2Fwp%2Fv2%2Fproduct_tag&post=4710"}],"curies":[{"name":"wp","href":"https:\/\/api.w.org\/{rel}","templated":true}]}}