{"id":4723,"date":"2023-09-14T12:26:37","date_gmt":"2023-09-14T15:26:37","guid":{"rendered":"https:\/\/mjoffice.com.br\/?post_type=product&#038;p=4723"},"modified":"2025-03-18T11:27:49","modified_gmt":"2025-03-18T14:27:49","slug":"cadeira-hotelaria-auditorio-igreja-mj-office","status":"publish","type":"product","link":"https:\/\/mjoffice.com.br\/?product=cadeira-hotelaria-auditorio-igreja-mj-office","title":{"rendered":"Cadeira hotelaria, audit\u00f3rio, igreja MJ Office"},"content":{"rendered":"<p>Cadeira modelo interlocutor fixa com 4 p\u00e9s estrutura de ferro, assento e encosto estofado em tecido.<br \/>\nIdeal para ambientes de trabalho como: audit\u00f3rios, igrejas,<br \/>\ncostureiras, \u2018homework\u2019, atendimento e recep\u00e7\u00e3o. Cadeira<br \/>\ncompacta e resistente. Uma \u00f3tima op\u00e7\u00e3o para ambiente<br \/>\nfuncionais. Durabilidade e conforto de maneira pr\u00e1tica e acess\u00edvel.<br \/>\nMelhor custo-benef\u00edcio do mercado.<br \/>\n<strong>* Informa\u00e7\u00f5es T\u00e9cnicas<\/strong><br \/>\n* Modelo: fixa 4 p\u00e9s<br \/>\n* Largura: 46cm<br \/>\n* Altura: 92cm total \/ 40cm altura do ch\u00e3o at\u00e9 o assento.<br \/>\n* Profundidade: 46cm<br \/>\n* Peso do produto: 15 kg<br \/>\n* Marca: Fabrica\u00e7\u00e3o Pr\u00f3pria<br \/>\n* Capacidade (lugares\/peso): 01 pessoas\/ at\u00e9 140kg<br \/>\n<strong>Assento:<\/strong><br \/>\n&#8211; Material: Madeira reta, espuma laminada, acabamento lateral em torno em perfil pvc<br \/>\npreto.<br \/>\n&#8211; Dimens\u00e3o: (ALT &#8211; Larg &#8211; Compr) 46xx39x5cm<br \/>\n<strong>Encosto:<\/strong><br \/>\n&#8211; Material: Madeira reta, espuma laminada, acabamento lateral em torno em perfil pvc preto.<br \/>\n&#8211; Dimens\u00e3o: (ALT &#8211; Larg &#8211; Compr) 40x37x5cm<br \/>\nBase: fixa 4 p\u00e9s<br \/>\n&#8211; Estrutura: metalon tubo quadrado 20x20x18\u201d soldagem MIG com barra de refor\u00e7o nas laterais da base, acabamento ponteira pvc nas extremidades.<br \/>\n<strong>Revestimento:<\/strong><br \/>\n&#8211; Pintura da estrutura: pintura ep\u00f3xi eletrost\u00e1tica na cor preta<br \/>\n&#8211; Assento e Encosto: em tecido J serrano<br \/>\n&#8211; Modelo: hostel reta simples<br \/>\n&#8211; Cor: diversas cores (consulte o vendedor)<br \/>\n<strong>Imagens ilustrativas<\/strong>.<br \/>\n&#8211; As tonalidades de cores dos produtos podem variar das visualizadas em monitores e<br \/>\nimpressos em geral.<br \/>\nDimens\u00f5es e Peso para envio:<br \/>\n&#8211; Peso \/ dimens\u00e3o total: (embalagem\/caixa)<br \/>\n18 kg\/50 cm \u00d7 50 cm \u00d7 95 cm (por unidade)<br \/>\nItens Inclusos<br \/>\n&#8211; 01 estrutura de ferro<br \/>\n&#8211; 01 assento\/ 01 encosto<br \/>\n&#8211; 06 parafusos de fixa\u00e7\u00e3o por rosca cabe\u00e7a Philips<br \/>\n&#8211; 04 ponteiras de acabamento das extremidades<br \/>\n<strong>Garantia<\/strong><br \/>\n&#8211; 3 (tr\u00eas) meses contra defeitos de fabrica\u00e7\u00e3o<br \/>\n** Confer\u00eancia e Montagem<br \/>\n&#8211; A confer\u00eancia dever\u00e1 ser realizada no ato do recebimento do produto<br \/>\n&#8211; Produto Montado (S) ou (N)<br \/>\nObserva\u00e7\u00f5es<br \/>\n&#8211; Confira as dimens\u00f5es do produto e certifique-se que o mesmo passar\u00e1 por portas,<br \/>\nelevadores, escadas e corredores<br \/>\n&#8211; Imagens ilustrativas. As tonalidades de cores dos produtos podem variar das<br \/>\nvisualizadas em monitores e impressos em geral.<br \/>\n&#8211; Frete ou entrega por conta do comprador, favor consultar o setor de vendas. Enviamos<br \/>\nvia transportadora por conta do cliente, favor verificar possibilidade de envia para sua<br \/>\nregi\u00e3o.<\/p>\n","protected":false},"excerpt":{"rendered":"<p>Cadeira modelo interlocutor fixa com 4 p\u00e9s estrutura de ferro, assento e encosto estofado em tecido. Ideal para ambientes de trabalho como: audit\u00f3rios, igrejas, costureiras, \u2018homework\u2019, atendimento e recep\u00e7\u00e3o. Cadeira compacta e resistente. Uma \u00f3tima op\u00e7\u00e3o para ambiente funcionais. Durabilidade e conforto de maneira pr\u00e1tica e acess\u00edvel. Melhor custo-benef\u00edcio do mercado. * Informa\u00e7\u00f5es T\u00e9cnicas * [&hellip;]<\/p>\n","protected":false},"featured_media":4724,"comment_status":"open","ping_status":"closed","template":"","meta":{"site-sidebar-layout":"default","site-content-layout":"","ast-site-content-layout":"default","site-content-style":"default","site-sidebar-style":"default","ast-global-header-display":"","ast-banner-title-visibility":"","ast-main-header-display":"","ast-hfb-above-header-display":"","ast-hfb-below-header-display":"","ast-hfb-mobile-header-display":"","site-post-title":"","ast-breadcrumbs-content":"","ast-featured-img":"","footer-sml-layout":"","ast-disable-related-posts":"","theme-transparent-header-meta":"default","adv-header-id-meta":"","stick-header-meta":"","header-above-stick-meta":"","header-main-stick-meta":"","header-below-stick-meta":"","astra-migrate-meta-layouts":"set","ast-page-background-enabled":"default","ast-page-background-meta":{"desktop":{"background-color":"","background-image":"","background-repeat":"repeat","background-position":"center center","background-size":"auto","background-attachment":"scroll","background-type":"","background-media":"","overlay-type":"","overlay-color":"","overlay-opacity":"","overlay-gradient":""},"tablet":{"background-color":"","background-image":"","background-repeat":"repeat","background-position":"center center","background-size":"auto","background-attachment":"scroll","background-type":"","background-media":"","overlay-type":"","overlay-color":"","overlay-opacity":"","overlay-gradient":""},"mobile":{"background-color":"","background-image":"","background-repeat":"repeat","background-position":"center center","background-size":"auto","background-attachment":"scroll","background-type":"","background-media":"","overlay-type":"","overlay-color":"","overlay-opacity":"","overlay-gradient":""}},"ast-content-background-meta":{"desktop":{"background-color":"var(--ast-global-color-5)","background-image":"","background-repeat":"repeat","background-position":"center center","background-size":"auto","background-attachment":"scroll","background-type":"","background-media":"","overlay-type":"","overlay-color":"","overlay-opacity":"","overlay-gradient":""},"tablet":{"background-color":"var(--ast-global-color-5)","background-image":"","background-repeat":"repeat","background-position":"center center","background-size":"auto","background-attachment":"scroll","background-type":"","background-media":"","overlay-type":"","overlay-color":"","overlay-opacity":"","overlay-gradient":""},"mobile":{"background-color":"var(--ast-global-color-5)","background-image":"","background-repeat":"repeat","background-position":"center center","background-size":"auto","background-attachment":"scroll","background-type":"","background-media":"","overlay-type":"","overlay-color":"","overlay-opacity":"","overlay-gradient":""}},"_joinchat":[]},"product_brand":[],"product_cat":[62],"product_tag":[],"class_list":{"0":"post-4723","1":"product","2":"type-product","3":"status-publish","4":"has-post-thumbnail","6":"product_cat-cadeiras-fixas","7":"desktop-align-center","8":"tablet-align-left","9":"mobile-align-left","11":"first","12":"instock","13":"sale","14":"taxable","15":"shipping-taxable","16":"purchasable","17":"product-type-simple"},"_links":{"self":[{"href":"https:\/\/mjoffice.com.br\/index.php?rest_route=\/wp\/v2\/product\/4723","targetHints":{"allow":["GET"]}}],"collection":[{"href":"https:\/\/mjoffice.com.br\/index.php?rest_route=\/wp\/v2\/product"}],"about":[{"href":"https:\/\/mjoffice.com.br\/index.php?rest_route=\/wp\/v2\/types\/product"}],"replies":[{"embeddable":true,"href":"https:\/\/mjoffice.com.br\/index.php?rest_route=%2Fwp%2Fv2%2Fcomments&post=4723"}],"version-history":[{"count":2,"href":"https:\/\/mjoffice.com.br\/index.php?rest_route=\/wp\/v2\/product\/4723\/revisions"}],"predecessor-version":[{"id":5962,"href":"https:\/\/mjoffice.com.br\/index.php?rest_route=\/wp\/v2\/product\/4723\/revisions\/5962"}],"wp:featuredmedia":[{"embeddable":true,"href":"https:\/\/mjoffice.com.br\/index.php?rest_route=\/wp\/v2\/media\/4724"}],"wp:attachment":[{"href":"https:\/\/mjoffice.com.br\/index.php?rest_route=%2Fwp%2Fv2%2Fmedia&parent=4723"}],"wp:term":[{"taxonomy":"product_brand","embeddable":true,"href":"https:\/\/mjoffice.com.br\/index.php?rest_route=%2Fwp%2Fv2%2Fproduct_brand&post=4723"},{"taxonomy":"product_cat","embeddable":true,"href":"https:\/\/mjoffice.com.br\/index.php?rest_route=%2Fwp%2Fv2%2Fproduct_cat&post=4723"},{"taxonomy":"product_tag","embeddable":true,"href":"https:\/\/mjoffice.com.br\/index.php?rest_route=%2Fwp%2Fv2%2Fproduct_tag&post=4723"}],"curies":[{"name":"wp","href":"https:\/\/api.w.org\/{rel}","templated":true}]}}