{"id":4781,"date":"2023-10-03T20:32:16","date_gmt":"2023-10-03T23:32:16","guid":{"rendered":"https:\/\/mjoffice.com.br\/?post_type=product&#038;p=4781"},"modified":"2023-11-07T16:16:03","modified_gmt":"2023-11-07T19:16:03","slug":"cadeira-estofada-com-reforco","status":"publish","type":"product","link":"https:\/\/mjoffice.com.br\/?product=cadeira-estofada-com-reforco","title":{"rendered":"Cadeira Universit\u00e1ria Super &#8211; at\u00e9 200 kg"},"content":{"rendered":"<p>Cadeira universit\u00e1ria para \u201cobeso\u201d:<br \/>\nconfeccionada em estrutura de ferro\u00a0 tubular 7\/8 x 1,2mm, curvados na extremidades do encosto e altura do<br \/>\nassento conectados por soldagem MIG alta press\u00e3o; com tratamento anticorrosivo pr\u00e9-pintura eletrost\u00e1tica ep\u00f3xi curada em alta temperatura; porta livros gradeado confeccionado em barra maci\u00e7a galvanizada; acabamento nas extremidades em ponteiras polietileno pp preto antiderrapantes; altura 0,46cm do ch\u00e3o ao assento; 0,62 largura total; 0,70 profundidade total ; Assento medindo 0,48&#215;0,48 cm (LxA) e encosto medindo 0,47cm x 0,33cm (LxA)<br \/>\nestofados; madeira ecol\u00f3gica tratada 12mm espessura; espuma de alta press\u00e3o D28; tecido \u201cJserrano\u201d antimofo e forro de vinil couro e tnt preto ecol\u00f3gico com acabamento em perfil sem abas nas extremidades das pe\u00e7as;<br \/>\nprancheta lateral tamanho grande 0,48 x0,30 (LxA) em mdf branco\/cinza com acabamento em polipropileno preto.<\/p>\n","protected":false},"excerpt":{"rendered":"<p>Cadeira universit\u00e1ria para \u201cobeso\u201d: confeccionada em estrutura de ferro\u00a0 tubular 7\/8 x 1,2mm, curvados na extremidades do encosto e altura do assento conectados por soldagem MIG alta press\u00e3o; com tratamento anticorrosivo pr\u00e9-pintura eletrost\u00e1tica ep\u00f3xi curada em alta temperatura; porta livros gradeado confeccionado em barra maci\u00e7a galvanizada; acabamento nas extremidades em ponteiras polietileno pp preto antiderrapantes; [&hellip;]<\/p>\n","protected":false},"featured_media":4773,"comment_status":"open","ping_status":"closed","template":"","meta":{"site-sidebar-layout":"default","site-content-layout":"","ast-site-content-layout":"default","site-content-style":"default","site-sidebar-style":"default","ast-global-header-display":"","ast-banner-title-visibility":"","ast-main-header-display":"","ast-hfb-above-header-display":"","ast-hfb-below-header-display":"","ast-hfb-mobile-header-display":"","site-post-title":"","ast-breadcrumbs-content":"","ast-featured-img":"","footer-sml-layout":"","ast-disable-related-posts":"","theme-transparent-header-meta":"default","adv-header-id-meta":"","stick-header-meta":"","header-above-stick-meta":"","header-main-stick-meta":"","header-below-stick-meta":"","astra-migrate-meta-layouts":"set","ast-page-background-enabled":"default","ast-page-background-meta":{"desktop":{"background-color":"","background-image":"","background-repeat":"repeat","background-position":"center center","background-size":"auto","background-attachment":"scroll","background-type":"","background-media":"","overlay-type":"","overlay-color":"","overlay-opacity":"","overlay-gradient":""},"tablet":{"background-color":"","background-image":"","background-repeat":"repeat","background-position":"center center","background-size":"auto","background-attachment":"scroll","background-type":"","background-media":"","overlay-type":"","overlay-color":"","overlay-opacity":"","overlay-gradient":""},"mobile":{"background-color":"","background-image":"","background-repeat":"repeat","background-position":"center center","background-size":"auto","background-attachment":"scroll","background-type":"","background-media":"","overlay-type":"","overlay-color":"","overlay-opacity":"","overlay-gradient":""}},"ast-content-background-meta":{"desktop":{"background-color":"var(--ast-global-color-5)","background-image":"","background-repeat":"repeat","background-position":"center center","background-size":"auto","background-attachment":"scroll","background-type":"","background-media":"","overlay-type":"","overlay-color":"","overlay-opacity":"","overlay-gradient":""},"tablet":{"background-color":"var(--ast-global-color-5)","background-image":"","background-repeat":"repeat","background-position":"center center","background-size":"auto","background-attachment":"scroll","background-type":"","background-media":"","overlay-type":"","overlay-color":"","overlay-opacity":"","overlay-gradient":""},"mobile":{"background-color":"var(--ast-global-color-5)","background-image":"","background-repeat":"repeat","background-position":"center center","background-size":"auto","background-attachment":"scroll","background-type":"","background-media":"","overlay-type":"","overlay-color":"","overlay-opacity":"","overlay-gradient":""}},"_joinchat":[]},"product_brand":[],"product_cat":[76,57],"product_tag":[],"class_list":{"0":"post-4781","1":"product","2":"type-product","3":"status-publish","4":"has-post-thumbnail","6":"product_cat-cadeira-universitaria","7":"product_cat-moveis-escolares","8":"desktop-align-center","9":"tablet-align-left","10":"mobile-align-left","12":"first","13":"instock","14":"taxable","15":"shipping-taxable","16":"purchasable","17":"product-type-simple"},"_links":{"self":[{"href":"https:\/\/mjoffice.com.br\/index.php?rest_route=\/wp\/v2\/product\/4781","targetHints":{"allow":["GET"]}}],"collection":[{"href":"https:\/\/mjoffice.com.br\/index.php?rest_route=\/wp\/v2\/product"}],"about":[{"href":"https:\/\/mjoffice.com.br\/index.php?rest_route=\/wp\/v2\/types\/product"}],"replies":[{"embeddable":true,"href":"https:\/\/mjoffice.com.br\/index.php?rest_route=%2Fwp%2Fv2%2Fcomments&post=4781"}],"version-history":[{"count":0,"href":"https:\/\/mjoffice.com.br\/index.php?rest_route=\/wp\/v2\/product\/4781\/revisions"}],"wp:featuredmedia":[{"embeddable":true,"href":"https:\/\/mjoffice.com.br\/index.php?rest_route=\/wp\/v2\/media\/4773"}],"wp:attachment":[{"href":"https:\/\/mjoffice.com.br\/index.php?rest_route=%2Fwp%2Fv2%2Fmedia&parent=4781"}],"wp:term":[{"taxonomy":"product_brand","embeddable":true,"href":"https:\/\/mjoffice.com.br\/index.php?rest_route=%2Fwp%2Fv2%2Fproduct_brand&post=4781"},{"taxonomy":"product_cat","embeddable":true,"href":"https:\/\/mjoffice.com.br\/index.php?rest_route=%2Fwp%2Fv2%2Fproduct_cat&post=4781"},{"taxonomy":"product_tag","embeddable":true,"href":"https:\/\/mjoffice.com.br\/index.php?rest_route=%2Fwp%2Fv2%2Fproduct_tag&post=4781"}],"curies":[{"name":"wp","href":"https:\/\/api.w.org\/{rel}","templated":true}]}}