{"id":4969,"date":"2023-10-26T11:55:14","date_gmt":"2023-10-26T14:55:14","guid":{"rendered":"https:\/\/mjoffice.com.br\/?post_type=product&#038;p=4969"},"modified":"2025-09-11T12:19:38","modified_gmt":"2025-09-11T15:19:38","slug":"cadeira-diretor-addit-fk-ergonomica","status":"publish","type":"product","link":"https:\/\/mjoffice.com.br\/?product=cadeira-diretor-addit-fk-ergonomica","title":{"rendered":"Cadeira Diretor Addit FK ergonomica NR17"},"content":{"rendered":"<p>Cadeira ergon\u00f4mica &#8211; base girat\u00f3ria com pist\u00e3o \u00e0 g\u00e1s &#8211; mecanismo backsysten &#8211; base ferro com capa &#8211; rod\u00edzios de silicone.<\/p>\n<p>Addit \u00e9 uma nova proposta em cadeira operativa. Trazendo um moderno e amplo encosto em tela de linhas marcantes e angulares, bra\u00e7os ajust\u00e1veis, espuma de boa resili\u00eancia e um mecanismo exclusivo, a cadeira de escrit\u00f3rio Addit pode trazer mais produtividade e conforto, al\u00e9m de modernizar ambientes corporativos por um excelente custo-benef\u00edcio.<\/p>\n<p>Descri\u00e7\u00e3o T\u00e9cnica:<br \/>\nEncosto em tela dublada, permite maior durabilidade, pois \u00e9 feita por processo vulcanizado, tornando o tecido e a tela uma pe\u00e7a \u00fanica, fixada a um estrutural produzido em pol\u00edmero injetado de alta resist\u00eancia.<\/p>\n<p>Assento formado por espuma injetada anat\u00f4mica de alta densidade que permite maior conforto ao usu\u00e1rio, com acabamento feito por capa injetada em polipropileno.<\/p>\n<p>Bra\u00e7o com regulagem de altura, totalmente injetado em pol\u00edmero de alta resist\u00eancia.<\/p>\n<p>Mecanismo ergon\u00f4mico de contato permanente, permite a inclina\u00e7\u00e3o do encosto para melhor adequar ao biotipo do usu\u00e1rio com travamento em qualquer ponto, permite ainda a regulagem de altura deste encosto.<\/p>\n<p>Base em metal com capa, com rod\u00edzios em nylon ideal para piso carpete.<\/p>\n","protected":false},"excerpt":{"rendered":"<p>Cadeira ergon\u00f4mica &#8211; base girat\u00f3ria com pist\u00e3o \u00e0 g\u00e1s &#8211; mecanismo backsysten &#8211; base ferro com capa &#8211; rod\u00edzios de silicone. Addit \u00e9 uma nova proposta em cadeira operativa. Trazendo um moderno e amplo encosto em tela de linhas marcantes e angulares, bra\u00e7os ajust\u00e1veis, espuma de boa resili\u00eancia e um mecanismo exclusivo, a cadeira de [&hellip;]<\/p>\n","protected":false},"featured_media":5532,"comment_status":"open","ping_status":"closed","template":"","meta":{"site-sidebar-layout":"default","site-content-layout":"","ast-site-content-layout":"default","site-content-style":"default","site-sidebar-style":"default","ast-global-header-display":"","ast-banner-title-visibility":"","ast-main-header-display":"","ast-hfb-above-header-display":"","ast-hfb-below-header-display":"","ast-hfb-mobile-header-display":"","site-post-title":"","ast-breadcrumbs-content":"","ast-featured-img":"","footer-sml-layout":"","ast-disable-related-posts":"","theme-transparent-header-meta":"default","adv-header-id-meta":"","stick-header-meta":"","header-above-stick-meta":"","header-main-stick-meta":"","header-below-stick-meta":"","astra-migrate-meta-layouts":"set","ast-page-background-enabled":"default","ast-page-background-meta":{"desktop":{"background-color":"","background-image":"","background-repeat":"repeat","background-position":"center center","background-size":"auto","background-attachment":"scroll","background-type":"","background-media":"","overlay-type":"","overlay-color":"","overlay-opacity":"","overlay-gradient":""},"tablet":{"background-color":"","background-image":"","background-repeat":"repeat","background-position":"center center","background-size":"auto","background-attachment":"scroll","background-type":"","background-media":"","overlay-type":"","overlay-color":"","overlay-opacity":"","overlay-gradient":""},"mobile":{"background-color":"","background-image":"","background-repeat":"repeat","background-position":"center center","background-size":"auto","background-attachment":"scroll","background-type":"","background-media":"","overlay-type":"","overlay-color":"","overlay-opacity":"","overlay-gradient":""}},"ast-content-background-meta":{"desktop":{"background-color":"var(--ast-global-color-5)","background-image":"","background-repeat":"repeat","background-position":"center center","background-size":"auto","background-attachment":"scroll","background-type":"","background-media":"","overlay-type":"","overlay-color":"","overlay-opacity":"","overlay-gradient":""},"tablet":{"background-color":"var(--ast-global-color-5)","background-image":"","background-repeat":"repeat","background-position":"center center","background-size":"auto","background-attachment":"scroll","background-type":"","background-media":"","overlay-type":"","overlay-color":"","overlay-opacity":"","overlay-gradient":""},"mobile":{"background-color":"var(--ast-global-color-5)","background-image":"","background-repeat":"repeat","background-position":"center center","background-size":"auto","background-attachment":"scroll","background-type":"","background-media":"","overlay-type":"","overlay-color":"","overlay-opacity":"","overlay-gradient":""}},"_joinchat":[]},"product_brand":[],"product_cat":[69],"product_tag":[],"class_list":{"0":"post-4969","1":"product","2":"type-product","3":"status-publish","4":"has-post-thumbnail","6":"product_cat-giratoria","7":"desktop-align-center","8":"tablet-align-left","9":"mobile-align-left","11":"first","12":"instock","13":"taxable","14":"shipping-taxable","15":"purchasable","16":"product-type-simple"},"_links":{"self":[{"href":"https:\/\/mjoffice.com.br\/index.php?rest_route=\/wp\/v2\/product\/4969","targetHints":{"allow":["GET"]}}],"collection":[{"href":"https:\/\/mjoffice.com.br\/index.php?rest_route=\/wp\/v2\/product"}],"about":[{"href":"https:\/\/mjoffice.com.br\/index.php?rest_route=\/wp\/v2\/types\/product"}],"replies":[{"embeddable":true,"href":"https:\/\/mjoffice.com.br\/index.php?rest_route=%2Fwp%2Fv2%2Fcomments&post=4969"}],"version-history":[{"count":3,"href":"https:\/\/mjoffice.com.br\/index.php?rest_route=\/wp\/v2\/product\/4969\/revisions"}],"predecessor-version":[{"id":6530,"href":"https:\/\/mjoffice.com.br\/index.php?rest_route=\/wp\/v2\/product\/4969\/revisions\/6530"}],"wp:featuredmedia":[{"embeddable":true,"href":"https:\/\/mjoffice.com.br\/index.php?rest_route=\/wp\/v2\/media\/5532"}],"wp:attachment":[{"href":"https:\/\/mjoffice.com.br\/index.php?rest_route=%2Fwp%2Fv2%2Fmedia&parent=4969"}],"wp:term":[{"taxonomy":"product_brand","embeddable":true,"href":"https:\/\/mjoffice.com.br\/index.php?rest_route=%2Fwp%2Fv2%2Fproduct_brand&post=4969"},{"taxonomy":"product_cat","embeddable":true,"href":"https:\/\/mjoffice.com.br\/index.php?rest_route=%2Fwp%2Fv2%2Fproduct_cat&post=4969"},{"taxonomy":"product_tag","embeddable":true,"href":"https:\/\/mjoffice.com.br\/index.php?rest_route=%2Fwp%2Fv2%2Fproduct_tag&post=4969"}],"curies":[{"name":"wp","href":"https:\/\/api.w.org\/{rel}","templated":true}]}}