{"id":4993,"date":"2023-11-11T10:51:19","date_gmt":"2023-11-11T13:51:19","guid":{"rendered":"https:\/\/mjoffice.com.br\/?post_type=product&#038;p=4993"},"modified":"2025-01-07T15:57:49","modified_gmt":"2025-01-07T18:57:49","slug":"mesa-refeitorio-escolar-fnde-com-10-cadeiras-cja06","status":"publish","type":"product","link":"https:\/\/mjoffice.com.br\/?product=mesa-refeitorio-escolar-fnde-com-10-cadeiras-cja06","title":{"rendered":"Mesa Refeit\u00f3rio Escolar FNDE &#8211; com 10 cadeiras CJA06"},"content":{"rendered":"<p>ESTE CONJUNTO DE REFEIT\u00d3RIO \u00c9 PERFEITO PARA ESCOLAS P\u00daBLICAS E PARTICULARES, EMPRESAS.<\/p>\n<p>DIMENS\u00d5ES DA MESA 2,40X0,80X0,75<\/p>\n<p>ESTRUTURA TUBULAR PRETA OU CINZA<br \/>\nCADEIRAS TUBO 7\/8 &#8211; PL\u00c1STICO FNDE CJA06<\/p>\n<p>ALTURA DA CADEIRA DO CH\u00c3O AO ASSENTO &#8211; 0,45 CM<\/p>\n<p>TAMPO TRIPARTIDO EM ABS &#8211; RESINA PLASTICA AZUL.<\/p>\n<p>TAMANHO CJA06 &#8211; JUVENIL\/ADULTO.<\/p>\n<p>ENSINO FUNDAMENTAL 1 E 2<\/p>\n<p>ENSINO M\u00c9DIO.<\/p>\n<p>&nbsp;<\/p>\n","protected":false},"excerpt":{"rendered":"<p>ESTE CONJUNTO DE REFEIT\u00d3RIO \u00c9 PERFEITO PARA ESCOLAS P\u00daBLICAS E PARTICULARES, EMPRESAS. DIMENS\u00d5ES DA MESA 2,40X0,80X0,75 ESTRUTURA TUBULAR PRETA OU CINZA CADEIRAS TUBO 7\/8 &#8211; PL\u00c1STICO FNDE CJA06 ALTURA DA CADEIRA DO CH\u00c3O AO ASSENTO &#8211; 0,45 CM TAMPO TRIPARTIDO EM ABS &#8211; RESINA PLASTICA AZUL. TAMANHO CJA06 &#8211; JUVENIL\/ADULTO. ENSINO FUNDAMENTAL 1 E 2 [&hellip;]<\/p>\n","protected":false},"featured_media":4994,"comment_status":"open","ping_status":"closed","template":"","meta":{"site-sidebar-layout":"default","site-content-layout":"","ast-site-content-layout":"default","site-content-style":"default","site-sidebar-style":"default","ast-global-header-display":"","ast-banner-title-visibility":"","ast-main-header-display":"","ast-hfb-above-header-display":"","ast-hfb-below-header-display":"","ast-hfb-mobile-header-display":"","site-post-title":"","ast-breadcrumbs-content":"","ast-featured-img":"","footer-sml-layout":"","ast-disable-related-posts":"","theme-transparent-header-meta":"default","adv-header-id-meta":"","stick-header-meta":"","header-above-stick-meta":"","header-main-stick-meta":"","header-below-stick-meta":"","astra-migrate-meta-layouts":"set","ast-page-background-enabled":"default","ast-page-background-meta":{"desktop":{"background-color":"","background-image":"","background-repeat":"repeat","background-position":"center center","background-size":"auto","background-attachment":"scroll","background-type":"","background-media":"","overlay-type":"","overlay-color":"","overlay-opacity":"","overlay-gradient":""},"tablet":{"background-color":"","background-image":"","background-repeat":"repeat","background-position":"center center","background-size":"auto","background-attachment":"scroll","background-type":"","background-media":"","overlay-type":"","overlay-color":"","overlay-opacity":"","overlay-gradient":""},"mobile":{"background-color":"","background-image":"","background-repeat":"repeat","background-position":"center center","background-size":"auto","background-attachment":"scroll","background-type":"","background-media":"","overlay-type":"","overlay-color":"","overlay-opacity":"","overlay-gradient":""}},"ast-content-background-meta":{"desktop":{"background-color":"var(--ast-global-color-5)","background-image":"","background-repeat":"repeat","background-position":"center center","background-size":"auto","background-attachment":"scroll","background-type":"","background-media":"","overlay-type":"","overlay-color":"","overlay-opacity":"","overlay-gradient":""},"tablet":{"background-color":"var(--ast-global-color-5)","background-image":"","background-repeat":"repeat","background-position":"center center","background-size":"auto","background-attachment":"scroll","background-type":"","background-media":"","overlay-type":"","overlay-color":"","overlay-opacity":"","overlay-gradient":""},"mobile":{"background-color":"var(--ast-global-color-5)","background-image":"","background-repeat":"repeat","background-position":"center center","background-size":"auto","background-attachment":"scroll","background-type":"","background-media":"","overlay-type":"","overlay-color":"","overlay-opacity":"","overlay-gradient":""}},"_joinchat":[]},"product_brand":[],"product_cat":[91],"product_tag":[],"class_list":{"0":"post-4993","1":"product","2":"type-product","3":"status-publish","4":"has-post-thumbnail","6":"product_cat-refeitorio","7":"desktop-align-center","8":"tablet-align-left","9":"mobile-align-left","11":"first","12":"instock","13":"taxable","14":"shipping-taxable","15":"purchasable","16":"product-type-simple"},"_links":{"self":[{"href":"https:\/\/mjoffice.com.br\/index.php?rest_route=\/wp\/v2\/product\/4993","targetHints":{"allow":["GET"]}}],"collection":[{"href":"https:\/\/mjoffice.com.br\/index.php?rest_route=\/wp\/v2\/product"}],"about":[{"href":"https:\/\/mjoffice.com.br\/index.php?rest_route=\/wp\/v2\/types\/product"}],"replies":[{"embeddable":true,"href":"https:\/\/mjoffice.com.br\/index.php?rest_route=%2Fwp%2Fv2%2Fcomments&post=4993"}],"version-history":[{"count":2,"href":"https:\/\/mjoffice.com.br\/index.php?rest_route=\/wp\/v2\/product\/4993\/revisions"}],"predecessor-version":[{"id":6028,"href":"https:\/\/mjoffice.com.br\/index.php?rest_route=\/wp\/v2\/product\/4993\/revisions\/6028"}],"wp:featuredmedia":[{"embeddable":true,"href":"https:\/\/mjoffice.com.br\/index.php?rest_route=\/wp\/v2\/media\/4994"}],"wp:attachment":[{"href":"https:\/\/mjoffice.com.br\/index.php?rest_route=%2Fwp%2Fv2%2Fmedia&parent=4993"}],"wp:term":[{"taxonomy":"product_brand","embeddable":true,"href":"https:\/\/mjoffice.com.br\/index.php?rest_route=%2Fwp%2Fv2%2Fproduct_brand&post=4993"},{"taxonomy":"product_cat","embeddable":true,"href":"https:\/\/mjoffice.com.br\/index.php?rest_route=%2Fwp%2Fv2%2Fproduct_cat&post=4993"},{"taxonomy":"product_tag","embeddable":true,"href":"https:\/\/mjoffice.com.br\/index.php?rest_route=%2Fwp%2Fv2%2Fproduct_tag&post=4993"}],"curies":[{"name":"wp","href":"https:\/\/api.w.org\/{rel}","templated":true}]}}