{"id":4999,"date":"2023-11-11T11:11:51","date_gmt":"2023-11-11T14:11:51","guid":{"rendered":"https:\/\/mjoffice.com.br\/?post_type=product&#038;p=4999"},"modified":"2026-01-30T15:51:50","modified_gmt":"2026-01-30T18:51:50","slug":"conjunto-refeitorio-mesa-empilhavel-cadeiras-cja04","status":"publish","type":"product","link":"https:\/\/mjoffice.com.br\/?product=conjunto-refeitorio-mesa-empilhavel-cadeiras-cja04","title":{"rendered":"Conjunto Refeit\u00f3rio &#8211; Mesa Empilh\u00e1vel &#8211; M4C-04"},"content":{"rendered":"<p>ESTRUTURA MET\u00c1LICA EMPILH\u00c1VEL\u00a0 COM 4 CADEIRAS<\/p>\n<p>MESA 1,50 X 0,60 X 0,65 &#8211; MDP CINZA OU BRANCO COM PERFIL PVC NAS BORDAS<\/p>\n<p>CADEIRA FNDE CJA04 &#8211; VERMELHA<\/p>\n<p>Cadeira &#8211; ch\u00e3o ao assento 38 cm<br \/>\nMesa &#8211; ch\u00e3o ao tampo 65 cm<\/p>\n<p>FNDE &#8211; Altura aluno 1,33 A 1,59<\/p>\n<p>FUNDAMENTAL 1<\/p>\n<p>CRIAN\u00c7AS 5 A 6 ANOS<\/p>\n<p>&nbsp;<\/p>\n","protected":false},"excerpt":{"rendered":"<p>ESTRUTURA MET\u00c1LICA EMPILH\u00c1VEL\u00a0 COM 4 CADEIRAS MESA 1,50 X 0,60 X 0,65 &#8211; MDP CINZA OU BRANCO COM PERFIL PVC NAS BORDAS CADEIRA FNDE CJA04 &#8211; VERMELHA Cadeira &#8211; ch\u00e3o ao assento 38 cm Mesa &#8211; ch\u00e3o ao tampo 65 cm FNDE &#8211; Altura aluno 1,33 A 1,59 FUNDAMENTAL 1 CRIAN\u00c7AS 5 A 6 ANOS [&hellip;]<\/p>\n","protected":false},"featured_media":5000,"comment_status":"open","ping_status":"closed","template":"","meta":{"site-sidebar-layout":"default","site-content-layout":"","ast-site-content-layout":"default","site-content-style":"default","site-sidebar-style":"default","ast-global-header-display":"","ast-banner-title-visibility":"","ast-main-header-display":"","ast-hfb-above-header-display":"","ast-hfb-below-header-display":"","ast-hfb-mobile-header-display":"","site-post-title":"","ast-breadcrumbs-content":"","ast-featured-img":"","footer-sml-layout":"","ast-disable-related-posts":"","theme-transparent-header-meta":"default","adv-header-id-meta":"","stick-header-meta":"","header-above-stick-meta":"","header-main-stick-meta":"","header-below-stick-meta":"","astra-migrate-meta-layouts":"set","ast-page-background-enabled":"default","ast-page-background-meta":{"desktop":{"background-color":"","background-image":"","background-repeat":"repeat","background-position":"center center","background-size":"auto","background-attachment":"scroll","background-type":"","background-media":"","overlay-type":"","overlay-color":"","overlay-opacity":"","overlay-gradient":""},"tablet":{"background-color":"","background-image":"","background-repeat":"repeat","background-position":"center center","background-size":"auto","background-attachment":"scroll","background-type":"","background-media":"","overlay-type":"","overlay-color":"","overlay-opacity":"","overlay-gradient":""},"mobile":{"background-color":"","background-image":"","background-repeat":"repeat","background-position":"center center","background-size":"auto","background-attachment":"scroll","background-type":"","background-media":"","overlay-type":"","overlay-color":"","overlay-opacity":"","overlay-gradient":""}},"ast-content-background-meta":{"desktop":{"background-color":"var(--ast-global-color-5)","background-image":"","background-repeat":"repeat","background-position":"center center","background-size":"auto","background-attachment":"scroll","background-type":"","background-media":"","overlay-type":"","overlay-color":"","overlay-opacity":"","overlay-gradient":""},"tablet":{"background-color":"var(--ast-global-color-5)","background-image":"","background-repeat":"repeat","background-position":"center center","background-size":"auto","background-attachment":"scroll","background-type":"","background-media":"","overlay-type":"","overlay-color":"","overlay-opacity":"","overlay-gradient":""},"mobile":{"background-color":"var(--ast-global-color-5)","background-image":"","background-repeat":"repeat","background-position":"center center","background-size":"auto","background-attachment":"scroll","background-type":"","background-media":"","overlay-type":"","overlay-color":"","overlay-opacity":"","overlay-gradient":""}},"_joinchat":[]},"product_brand":[],"product_cat":[91],"product_tag":[],"class_list":{"0":"post-4999","1":"product","2":"type-product","3":"status-publish","4":"has-post-thumbnail","6":"product_cat-refeitorio","7":"desktop-align-center","8":"tablet-align-left","9":"mobile-align-left","11":"first","12":"instock","13":"taxable","14":"shipping-taxable","15":"purchasable","16":"product-type-simple"},"_links":{"self":[{"href":"https:\/\/mjoffice.com.br\/index.php?rest_route=\/wp\/v2\/product\/4999","targetHints":{"allow":["GET"]}}],"collection":[{"href":"https:\/\/mjoffice.com.br\/index.php?rest_route=\/wp\/v2\/product"}],"about":[{"href":"https:\/\/mjoffice.com.br\/index.php?rest_route=\/wp\/v2\/types\/product"}],"replies":[{"embeddable":true,"href":"https:\/\/mjoffice.com.br\/index.php?rest_route=%2Fwp%2Fv2%2Fcomments&post=4999"}],"version-history":[{"count":4,"href":"https:\/\/mjoffice.com.br\/index.php?rest_route=\/wp\/v2\/product\/4999\/revisions"}],"predecessor-version":[{"id":6094,"href":"https:\/\/mjoffice.com.br\/index.php?rest_route=\/wp\/v2\/product\/4999\/revisions\/6094"}],"wp:featuredmedia":[{"embeddable":true,"href":"https:\/\/mjoffice.com.br\/index.php?rest_route=\/wp\/v2\/media\/5000"}],"wp:attachment":[{"href":"https:\/\/mjoffice.com.br\/index.php?rest_route=%2Fwp%2Fv2%2Fmedia&parent=4999"}],"wp:term":[{"taxonomy":"product_brand","embeddable":true,"href":"https:\/\/mjoffice.com.br\/index.php?rest_route=%2Fwp%2Fv2%2Fproduct_brand&post=4999"},{"taxonomy":"product_cat","embeddable":true,"href":"https:\/\/mjoffice.com.br\/index.php?rest_route=%2Fwp%2Fv2%2Fproduct_cat&post=4999"},{"taxonomy":"product_tag","embeddable":true,"href":"https:\/\/mjoffice.com.br\/index.php?rest_route=%2Fwp%2Fv2%2Fproduct_tag&post=4999"}],"curies":[{"name":"wp","href":"https:\/\/api.w.org\/{rel}","templated":true}]}}