{"id":5002,"date":"2023-11-11T11:20:26","date_gmt":"2023-11-11T14:20:26","guid":{"rendered":"https:\/\/mjoffice.com.br\/?post_type=product&#038;p=5002"},"modified":"2025-01-07T13:41:39","modified_gmt":"2025-01-07T16:41:39","slug":"conjunto-refeitorio-fnde-mesas-e-bancos-empilhaveis","status":"publish","type":"product","link":"https:\/\/mjoffice.com.br\/?product=conjunto-refeitorio-fnde-mesas-e-bancos-empilhaveis","title":{"rendered":"Conjunto Refeit\u00f3rio FNDE &#8211; Mesas e bancos empilh\u00e1veis"},"content":{"rendered":"<p>MBR 03<\/p>\n<p>Mesa 1,50 x 0,70 x 0,75 &#8211; JUVENIL ADULTO<br \/>\nMesa 1,50 x 0,70 x 0,64 &#8211;\u00a0 M\u00c9DIO<\/p>\n<p><strong>Altura do aluno:<\/strong>\u00a0de 1,59m a 1,88m.<\/p>\n<p>Conjunto para refeit\u00f3rio composto de 1 (uma) mesa e 2 (dois) bancos empilh\u00e1veis.<\/p>\n<p><strong>Descri\u00e7\u00f5es t\u00e9cnicas:<\/strong><\/p>\n<p><strong>Mesa:<\/strong>\u00a0Tampo em MDP, revestido de laminado melam\u00ednico, montado sobre estrutura tubular.<\/p>\n<p><em>Dimens\u00f5es aproximadas:<\/em>\u00a01500 x 840 x 755 mm (LxPxA)<\/p>\n<p><strong>Bancos:<\/strong>\u00a0Assentos em MDP, revestidos de laminado melam\u00ednico, montado sobre estrutura tubular.<\/p>\n<p><em>Dimens\u00f5es aproximadas: 1350<\/em>\u00a0x 350 x 460 mm (LxPxA<\/p>\n","protected":false},"excerpt":{"rendered":"<p>MBR 03 Mesa 1,50 x 0,70 x 0,75 &#8211; JUVENIL ADULTO Mesa 1,50 x 0,70 x 0,64 &#8211;\u00a0 M\u00c9DIO Altura do aluno:\u00a0de 1,59m a 1,88m. Conjunto para refeit\u00f3rio composto de 1 (uma) mesa e 2 (dois) bancos empilh\u00e1veis. Descri\u00e7\u00f5es t\u00e9cnicas: Mesa:\u00a0Tampo em MDP, revestido de laminado melam\u00ednico, montado sobre estrutura tubular. Dimens\u00f5es aproximadas:\u00a01500 x 840 [&hellip;]<\/p>\n","protected":false},"featured_media":5004,"comment_status":"open","ping_status":"closed","template":"","meta":{"site-sidebar-layout":"default","site-content-layout":"","ast-site-content-layout":"default","site-content-style":"default","site-sidebar-style":"default","ast-global-header-display":"","ast-banner-title-visibility":"","ast-main-header-display":"","ast-hfb-above-header-display":"","ast-hfb-below-header-display":"","ast-hfb-mobile-header-display":"","site-post-title":"","ast-breadcrumbs-content":"","ast-featured-img":"","footer-sml-layout":"","ast-disable-related-posts":"","theme-transparent-header-meta":"default","adv-header-id-meta":"","stick-header-meta":"","header-above-stick-meta":"","header-main-stick-meta":"","header-below-stick-meta":"","astra-migrate-meta-layouts":"set","ast-page-background-enabled":"default","ast-page-background-meta":{"desktop":{"background-color":"","background-image":"","background-repeat":"repeat","background-position":"center center","background-size":"auto","background-attachment":"scroll","background-type":"","background-media":"","overlay-type":"","overlay-color":"","overlay-opacity":"","overlay-gradient":""},"tablet":{"background-color":"","background-image":"","background-repeat":"repeat","background-position":"center center","background-size":"auto","background-attachment":"scroll","background-type":"","background-media":"","overlay-type":"","overlay-color":"","overlay-opacity":"","overlay-gradient":""},"mobile":{"background-color":"","background-image":"","background-repeat":"repeat","background-position":"center center","background-size":"auto","background-attachment":"scroll","background-type":"","background-media":"","overlay-type":"","overlay-color":"","overlay-opacity":"","overlay-gradient":""}},"ast-content-background-meta":{"desktop":{"background-color":"var(--ast-global-color-5)","background-image":"","background-repeat":"repeat","background-position":"center center","background-size":"auto","background-attachment":"scroll","background-type":"","background-media":"","overlay-type":"","overlay-color":"","overlay-opacity":"","overlay-gradient":""},"tablet":{"background-color":"var(--ast-global-color-5)","background-image":"","background-repeat":"repeat","background-position":"center center","background-size":"auto","background-attachment":"scroll","background-type":"","background-media":"","overlay-type":"","overlay-color":"","overlay-opacity":"","overlay-gradient":""},"mobile":{"background-color":"var(--ast-global-color-5)","background-image":"","background-repeat":"repeat","background-position":"center center","background-size":"auto","background-attachment":"scroll","background-type":"","background-media":"","overlay-type":"","overlay-color":"","overlay-opacity":"","overlay-gradient":""}},"_joinchat":[]},"product_brand":[],"product_cat":[91],"product_tag":[],"class_list":{"0":"post-5002","1":"product","2":"type-product","3":"status-publish","4":"has-post-thumbnail","6":"product_cat-refeitorio","7":"desktop-align-center","8":"tablet-align-left","9":"mobile-align-left","11":"first","12":"instock","13":"taxable","14":"shipping-taxable","15":"purchasable","16":"product-type-simple"},"_links":{"self":[{"href":"https:\/\/mjoffice.com.br\/index.php?rest_route=\/wp\/v2\/product\/5002","targetHints":{"allow":["GET"]}}],"collection":[{"href":"https:\/\/mjoffice.com.br\/index.php?rest_route=\/wp\/v2\/product"}],"about":[{"href":"https:\/\/mjoffice.com.br\/index.php?rest_route=\/wp\/v2\/types\/product"}],"replies":[{"embeddable":true,"href":"https:\/\/mjoffice.com.br\/index.php?rest_route=%2Fwp%2Fv2%2Fcomments&post=5002"}],"version-history":[{"count":2,"href":"https:\/\/mjoffice.com.br\/index.php?rest_route=\/wp\/v2\/product\/5002\/revisions"}],"predecessor-version":[{"id":6025,"href":"https:\/\/mjoffice.com.br\/index.php?rest_route=\/wp\/v2\/product\/5002\/revisions\/6025"}],"wp:featuredmedia":[{"embeddable":true,"href":"https:\/\/mjoffice.com.br\/index.php?rest_route=\/wp\/v2\/media\/5004"}],"wp:attachment":[{"href":"https:\/\/mjoffice.com.br\/index.php?rest_route=%2Fwp%2Fv2%2Fmedia&parent=5002"}],"wp:term":[{"taxonomy":"product_brand","embeddable":true,"href":"https:\/\/mjoffice.com.br\/index.php?rest_route=%2Fwp%2Fv2%2Fproduct_brand&post=5002"},{"taxonomy":"product_cat","embeddable":true,"href":"https:\/\/mjoffice.com.br\/index.php?rest_route=%2Fwp%2Fv2%2Fproduct_cat&post=5002"},{"taxonomy":"product_tag","embeddable":true,"href":"https:\/\/mjoffice.com.br\/index.php?rest_route=%2Fwp%2Fv2%2Fproduct_tag&post=5002"}],"curies":[{"name":"wp","href":"https:\/\/api.w.org\/{rel}","templated":true}]}}