{"id":5076,"date":"2023-12-06T16:21:34","date_gmt":"2023-12-06T19:21:34","guid":{"rendered":"https:\/\/mjoffice.com.br\/?post_type=product&#038;p=5076"},"modified":"2025-06-30T10:23:07","modified_gmt":"2025-06-30T13:23:07","slug":"cadeira-presidente-de-tela-confort-plus-bulk-ergonomica","status":"publish","type":"product","link":"https:\/\/mjoffice.com.br\/?product=cadeira-presidente-de-tela-confort-plus-bulk-ergonomica","title":{"rendered":"Cadeira Presidente de Tela Comfort Plus Bulk &#8211; Ergon\u00f4mica"},"content":{"rendered":"<p>Cadeira Presidente Comfort Plus<br \/>\nA Cadeira Presidente Comfort Plus Tela Mesh Apoio de Lombar e Cabe\u00e7a, Bra\u00e7o PU- Bulk Continental, combina alta tecnologia e design inovador.<br \/>\nPara proporcionar o m\u00e1ximo conforto durante as horas de trabalho. Com materiais nobres, assento estofado com espuma densa, apoio de bra\u00e7os<br \/>\ne mecanismo de postura, essa cadeira permite que o usu\u00e1rio mantenha a coluna reta e evite dores nas costas.<\/p>\n<p>Com encosto em Tela Mesh.<br \/>\nCadeira de Escrit\u00f3rio Presidente Ergon\u00f4mica Tela Mesh Apoio de Lombar e Cabe\u00e7a,garante durabilidade e eleg\u00e2ncia ao ambiente.<\/p>\n<p>Ideal para escrit\u00f3rios, recep\u00e7\u00f5es, home offices e salas de reuni\u00e3o, essa cadeira oferece design, conforto e praticidade.<\/p>\n<p>Com regulagem de bra\u00e7o, assento e<br \/>\nencosto, essa cadeira pode ser ajustada de acordo com as necessidades do usu\u00e1rio. A regulagem de altura pode chegar at\u00e9 123 cm m\u00e1xima com 115 cm de altura m\u00ednima, 62 cm de comprimento e 65 cm de largura.<\/p>\n<p>Al\u00e9m disso, ela possui rodizios nos p\u00e9s para f\u00e1cil locomo\u00e7\u00e3o.<\/p>\n<p>Garanta j\u00e1 a sua Cadeira Presidente Comfort Plus Tela Mesh Apoio de Lombar e Cabe\u00e7a, Bra\u00e7o PU- Bulk Continental e tenha um ambiente de trabalho mais<br \/>\nconfort\u00e1vel e produtivo!<\/p>\n<p>Caracter\u00edsticas:material: tela mesh<br \/>\ndensidade da espuma: 55kg\/m3<br \/>\najuste: com inclina\u00e7\u00e3o<br \/>\n\u00e2ngulo ajust\u00e1vel do encosto: 85-110 graus<br \/>\napoio de cabe\u00e7a ajust\u00e1vel<br \/>\ntipo de apoio de bra\u00e7o: digitador regul\u00e1vel de altura para o apoio de bra\u00e7os<br \/>\nmaterial da base: nylon<br \/>\npeso m\u00e1ximo suportado: 120kg<br \/>\ntamanho total: 64x50x116-126cm<br \/>\ntamanho do encosto: 75x50cm<br \/>\ntamanho do assento: 47x50cm<br \/>\naltura do assento: 45-55cm<br \/>\naltura do bra\u00e7o: 63-73cm<br \/>\nMarca Bulk<\/p>\n<p>Produto importado<\/p>\n","protected":false},"excerpt":{"rendered":"<p>Cadeira Presidente Comfort Plus A Cadeira Presidente Comfort Plus Tela Mesh Apoio de Lombar e Cabe\u00e7a, Bra\u00e7o PU- Bulk Continental, combina alta tecnologia e design inovador. Para proporcionar o m\u00e1ximo conforto durante as horas de trabalho. Com materiais nobres, assento estofado com espuma densa, apoio de bra\u00e7os e mecanismo de postura, essa cadeira permite que [&hellip;]<\/p>\n","protected":false},"featured_media":5081,"comment_status":"open","ping_status":"closed","template":"","meta":{"site-sidebar-layout":"default","site-content-layout":"","ast-site-content-layout":"default","site-content-style":"default","site-sidebar-style":"default","ast-global-header-display":"","ast-banner-title-visibility":"","ast-main-header-display":"","ast-hfb-above-header-display":"","ast-hfb-below-header-display":"","ast-hfb-mobile-header-display":"","site-post-title":"","ast-breadcrumbs-content":"","ast-featured-img":"","footer-sml-layout":"","ast-disable-related-posts":"","theme-transparent-header-meta":"default","adv-header-id-meta":"","stick-header-meta":"","header-above-stick-meta":"","header-main-stick-meta":"","header-below-stick-meta":"","astra-migrate-meta-layouts":"set","ast-page-background-enabled":"default","ast-page-background-meta":{"desktop":{"background-color":"","background-image":"","background-repeat":"repeat","background-position":"center center","background-size":"auto","background-attachment":"scroll","background-type":"","background-media":"","overlay-type":"","overlay-color":"","overlay-opacity":"","overlay-gradient":""},"tablet":{"background-color":"","background-image":"","background-repeat":"repeat","background-position":"center center","background-size":"auto","background-attachment":"scroll","background-type":"","background-media":"","overlay-type":"","overlay-color":"","overlay-opacity":"","overlay-gradient":""},"mobile":{"background-color":"","background-image":"","background-repeat":"repeat","background-position":"center center","background-size":"auto","background-attachment":"scroll","background-type":"","background-media":"","overlay-type":"","overlay-color":"","overlay-opacity":"","overlay-gradient":""}},"ast-content-background-meta":{"desktop":{"background-color":"var(--ast-global-color-5)","background-image":"","background-repeat":"repeat","background-position":"center center","background-size":"auto","background-attachment":"scroll","background-type":"","background-media":"","overlay-type":"","overlay-color":"","overlay-opacity":"","overlay-gradient":""},"tablet":{"background-color":"var(--ast-global-color-5)","background-image":"","background-repeat":"repeat","background-position":"center center","background-size":"auto","background-attachment":"scroll","background-type":"","background-media":"","overlay-type":"","overlay-color":"","overlay-opacity":"","overlay-gradient":""},"mobile":{"background-color":"var(--ast-global-color-5)","background-image":"","background-repeat":"repeat","background-position":"center center","background-size":"auto","background-attachment":"scroll","background-type":"","background-media":"","overlay-type":"","overlay-color":"","overlay-opacity":"","overlay-gradient":""}},"_joinchat":[]},"product_brand":[],"product_cat":[82],"product_tag":[],"class_list":{"0":"post-5076","1":"product","2":"type-product","3":"status-publish","4":"has-post-thumbnail","6":"product_cat-importadas","7":"desktop-align-center","8":"tablet-align-left","9":"mobile-align-left","11":"first","12":"instock","13":"sale","14":"taxable","15":"shipping-taxable","16":"purchasable","17":"product-type-simple"},"_links":{"self":[{"href":"https:\/\/mjoffice.com.br\/index.php?rest_route=\/wp\/v2\/product\/5076","targetHints":{"allow":["GET"]}}],"collection":[{"href":"https:\/\/mjoffice.com.br\/index.php?rest_route=\/wp\/v2\/product"}],"about":[{"href":"https:\/\/mjoffice.com.br\/index.php?rest_route=\/wp\/v2\/types\/product"}],"replies":[{"embeddable":true,"href":"https:\/\/mjoffice.com.br\/index.php?rest_route=%2Fwp%2Fv2%2Fcomments&post=5076"}],"version-history":[{"count":1,"href":"https:\/\/mjoffice.com.br\/index.php?rest_route=\/wp\/v2\/product\/5076\/revisions"}],"predecessor-version":[{"id":5526,"href":"https:\/\/mjoffice.com.br\/index.php?rest_route=\/wp\/v2\/product\/5076\/revisions\/5526"}],"wp:featuredmedia":[{"embeddable":true,"href":"https:\/\/mjoffice.com.br\/index.php?rest_route=\/wp\/v2\/media\/5081"}],"wp:attachment":[{"href":"https:\/\/mjoffice.com.br\/index.php?rest_route=%2Fwp%2Fv2%2Fmedia&parent=5076"}],"wp:term":[{"taxonomy":"product_brand","embeddable":true,"href":"https:\/\/mjoffice.com.br\/index.php?rest_route=%2Fwp%2Fv2%2Fproduct_brand&post=5076"},{"taxonomy":"product_cat","embeddable":true,"href":"https:\/\/mjoffice.com.br\/index.php?rest_route=%2Fwp%2Fv2%2Fproduct_cat&post=5076"},{"taxonomy":"product_tag","embeddable":true,"href":"https:\/\/mjoffice.com.br\/index.php?rest_route=%2Fwp%2Fv2%2Fproduct_tag&post=5076"}],"curies":[{"name":"wp","href":"https:\/\/api.w.org\/{rel}","templated":true}]}}