{"id":5097,"date":"2023-12-28T11:14:16","date_gmt":"2023-12-28T14:14:16","guid":{"rendered":"https:\/\/mjoffice.com.br\/?post_type=product&#038;p=5097"},"modified":"2025-05-02T09:56:40","modified_gmt":"2025-05-02T12:56:40","slug":"cadeira-universitaria-diretor-com-bracos-corsa-escamoteavel","status":"publish","type":"product","link":"https:\/\/mjoffice.com.br\/?product=cadeira-universitaria-diretor-com-bracos-corsa-escamoteavel","title":{"rendered":"Cadeira Universit\u00e1ria diretor com bra\u00e7os corsa  escamote\u00e1vel"},"content":{"rendered":"<p>Estofado espuma injetada anat\u00f4mica &#8211;<\/p>\n<p>Revestimento em tecido ou courino &#8211;<br \/>\nL\u00e2mina de a\u00e7o unindo assento e encosto &#8211;<br \/>\nBase fixa tubo 7\/8 &#8211;<\/p>\n<p>Suporta at\u00e9 150 kg.<br \/>\nAssento &#8211; 0,48 x 0,46<\/p>\n<p>Encosto &#8211; 0,47 x 0,48<br \/>\nBra\u00e7os corsa com prancheta escamote\u00e1vel.<br \/>\nAltura do ch\u00e3o ao assento &#8211; 46 cm<\/p>\n","protected":false},"excerpt":{"rendered":"<p>Estofado espuma injetada anat\u00f4mica &#8211; Revestimento em tecido ou courino &#8211; L\u00e2mina de a\u00e7o unindo assento e encosto &#8211; Base fixa tubo 7\/8 &#8211; Suporta at\u00e9 150 kg. Assento &#8211; 0,48 x 0,46 Encosto &#8211; 0,47 x 0,48 Bra\u00e7os corsa com prancheta escamote\u00e1vel. Altura do ch\u00e3o ao assento &#8211; 46 cm<\/p>\n","protected":false},"featured_media":5098,"comment_status":"open","ping_status":"closed","template":"","meta":{"site-sidebar-layout":"default","site-content-layout":"","ast-site-content-layout":"default","site-content-style":"default","site-sidebar-style":"default","ast-global-header-display":"","ast-banner-title-visibility":"","ast-main-header-display":"","ast-hfb-above-header-display":"","ast-hfb-below-header-display":"","ast-hfb-mobile-header-display":"","site-post-title":"","ast-breadcrumbs-content":"","ast-featured-img":"","footer-sml-layout":"","ast-disable-related-posts":"","theme-transparent-header-meta":"default","adv-header-id-meta":"","stick-header-meta":"","header-above-stick-meta":"","header-main-stick-meta":"","header-below-stick-meta":"","astra-migrate-meta-layouts":"set","ast-page-background-enabled":"default","ast-page-background-meta":{"desktop":{"background-color":"","background-image":"","background-repeat":"repeat","background-position":"center center","background-size":"auto","background-attachment":"scroll","background-type":"","background-media":"","overlay-type":"","overlay-color":"","overlay-opacity":"","overlay-gradient":""},"tablet":{"background-color":"","background-image":"","background-repeat":"repeat","background-position":"center center","background-size":"auto","background-attachment":"scroll","background-type":"","background-media":"","overlay-type":"","overlay-color":"","overlay-opacity":"","overlay-gradient":""},"mobile":{"background-color":"","background-image":"","background-repeat":"repeat","background-position":"center center","background-size":"auto","background-attachment":"scroll","background-type":"","background-media":"","overlay-type":"","overlay-color":"","overlay-opacity":"","overlay-gradient":""}},"ast-content-background-meta":{"desktop":{"background-color":"var(--ast-global-color-5)","background-image":"","background-repeat":"repeat","background-position":"center center","background-size":"auto","background-attachment":"scroll","background-type":"","background-media":"","overlay-type":"","overlay-color":"","overlay-opacity":"","overlay-gradient":""},"tablet":{"background-color":"var(--ast-global-color-5)","background-image":"","background-repeat":"repeat","background-position":"center center","background-size":"auto","background-attachment":"scroll","background-type":"","background-media":"","overlay-type":"","overlay-color":"","overlay-opacity":"","overlay-gradient":""},"mobile":{"background-color":"var(--ast-global-color-5)","background-image":"","background-repeat":"repeat","background-position":"center center","background-size":"auto","background-attachment":"scroll","background-type":"","background-media":"","overlay-type":"","overlay-color":"","overlay-opacity":"","overlay-gradient":""}},"_joinchat":[]},"product_brand":[],"product_cat":[76],"product_tag":[],"class_list":{"0":"post-5097","1":"product","2":"type-product","3":"status-publish","4":"has-post-thumbnail","6":"product_cat-cadeira-universitaria","7":"desktop-align-center","8":"tablet-align-left","9":"mobile-align-left","11":"first","12":"instock","13":"sale","14":"taxable","15":"shipping-taxable","16":"purchasable","17":"product-type-simple"},"_links":{"self":[{"href":"https:\/\/mjoffice.com.br\/index.php?rest_route=\/wp\/v2\/product\/5097","targetHints":{"allow":["GET"]}}],"collection":[{"href":"https:\/\/mjoffice.com.br\/index.php?rest_route=\/wp\/v2\/product"}],"about":[{"href":"https:\/\/mjoffice.com.br\/index.php?rest_route=\/wp\/v2\/types\/product"}],"replies":[{"embeddable":true,"href":"https:\/\/mjoffice.com.br\/index.php?rest_route=%2Fwp%2Fv2%2Fcomments&post=5097"}],"version-history":[{"count":2,"href":"https:\/\/mjoffice.com.br\/index.php?rest_route=\/wp\/v2\/product\/5097\/revisions"}],"predecessor-version":[{"id":6370,"href":"https:\/\/mjoffice.com.br\/index.php?rest_route=\/wp\/v2\/product\/5097\/revisions\/6370"}],"wp:featuredmedia":[{"embeddable":true,"href":"https:\/\/mjoffice.com.br\/index.php?rest_route=\/wp\/v2\/media\/5098"}],"wp:attachment":[{"href":"https:\/\/mjoffice.com.br\/index.php?rest_route=%2Fwp%2Fv2%2Fmedia&parent=5097"}],"wp:term":[{"taxonomy":"product_brand","embeddable":true,"href":"https:\/\/mjoffice.com.br\/index.php?rest_route=%2Fwp%2Fv2%2Fproduct_brand&post=5097"},{"taxonomy":"product_cat","embeddable":true,"href":"https:\/\/mjoffice.com.br\/index.php?rest_route=%2Fwp%2Fv2%2Fproduct_cat&post=5097"},{"taxonomy":"product_tag","embeddable":true,"href":"https:\/\/mjoffice.com.br\/index.php?rest_route=%2Fwp%2Fv2%2Fproduct_tag&post=5097"}],"curies":[{"name":"wp","href":"https:\/\/api.w.org\/{rel}","templated":true}]}}