{"id":5400,"date":"2024-03-22T15:29:57","date_gmt":"2024-03-22T18:29:57","guid":{"rendered":"https:\/\/mjoffice.com.br\/?post_type=product&#038;p=5400"},"modified":"2025-02-24T12:23:49","modified_gmt":"2025-02-24T15:23:49","slug":"longarina-diretor-3-lugares-sem-bracos","status":"publish","type":"product","link":"https:\/\/mjoffice.com.br\/?product=longarina-diretor-3-lugares-sem-bracos","title":{"rendered":"Longarina Diretor 3 lugares sem bra\u00e7os"},"content":{"rendered":"<p>IDEAL PARA IGREJAS, AUDIT\u00d3RIOS, SALAS DE ESPERA, RECEP\u00c7\u00c3O.<\/p>\n<p>ESTRUTURA DE FERRO METALON 50X30 &#8211; TRAVESSA DUPLA ABAIXO DO ASSENTO.<br \/>\nSUPORTA A T\u00c9 120 KG POR LUGAR.<\/p>\n<p>ESTOFADO COM ESPUMA INJETADA ANAT\u00d4MICA .<\/p>\n<p>REVESTIMENTO EM TECIDO OU COURINO.<\/p>\n<p><strong>SEM BRA\u00c7OS<\/strong><\/p>\n","protected":false},"excerpt":{"rendered":"<p>IDEAL PARA IGREJAS, AUDIT\u00d3RIOS, SALAS DE ESPERA, RECEP\u00c7\u00c3O. ESTRUTURA DE FERRO METALON 50X30 &#8211; TRAVESSA DUPLA ABAIXO DO ASSENTO. SUPORTA A T\u00c9 120 KG POR LUGAR. ESTOFADO COM ESPUMA INJETADA ANAT\u00d4MICA . REVESTIMENTO EM TECIDO OU COURINO. SEM BRA\u00c7OS<\/p>\n","protected":false},"featured_media":5401,"comment_status":"open","ping_status":"closed","template":"","meta":{"site-sidebar-layout":"default","site-content-layout":"","ast-site-content-layout":"default","site-content-style":"default","site-sidebar-style":"default","ast-global-header-display":"","ast-banner-title-visibility":"","ast-main-header-display":"","ast-hfb-above-header-display":"","ast-hfb-below-header-display":"","ast-hfb-mobile-header-display":"","site-post-title":"","ast-breadcrumbs-content":"","ast-featured-img":"","footer-sml-layout":"","ast-disable-related-posts":"","theme-transparent-header-meta":"default","adv-header-id-meta":"","stick-header-meta":"","header-above-stick-meta":"","header-main-stick-meta":"","header-below-stick-meta":"","astra-migrate-meta-layouts":"set","ast-page-background-enabled":"default","ast-page-background-meta":{"desktop":{"background-color":"","background-image":"","background-repeat":"repeat","background-position":"center center","background-size":"auto","background-attachment":"scroll","background-type":"","background-media":"","overlay-type":"","overlay-color":"","overlay-opacity":"","overlay-gradient":""},"tablet":{"background-color":"","background-image":"","background-repeat":"repeat","background-position":"center center","background-size":"auto","background-attachment":"scroll","background-type":"","background-media":"","overlay-type":"","overlay-color":"","overlay-opacity":"","overlay-gradient":""},"mobile":{"background-color":"","background-image":"","background-repeat":"repeat","background-position":"center center","background-size":"auto","background-attachment":"scroll","background-type":"","background-media":"","overlay-type":"","overlay-color":"","overlay-opacity":"","overlay-gradient":""}},"ast-content-background-meta":{"desktop":{"background-color":"var(--ast-global-color-5)","background-image":"","background-repeat":"repeat","background-position":"center center","background-size":"auto","background-attachment":"scroll","background-type":"","background-media":"","overlay-type":"","overlay-color":"","overlay-opacity":"","overlay-gradient":""},"tablet":{"background-color":"var(--ast-global-color-5)","background-image":"","background-repeat":"repeat","background-position":"center center","background-size":"auto","background-attachment":"scroll","background-type":"","background-media":"","overlay-type":"","overlay-color":"","overlay-opacity":"","overlay-gradient":""},"mobile":{"background-color":"var(--ast-global-color-5)","background-image":"","background-repeat":"repeat","background-position":"center center","background-size":"auto","background-attachment":"scroll","background-type":"","background-media":"","overlay-type":"","overlay-color":"","overlay-opacity":"","overlay-gradient":""}},"_joinchat":[]},"product_brand":[],"product_cat":[83],"product_tag":[],"class_list":{"0":"post-5400","1":"product","2":"type-product","3":"status-publish","4":"has-post-thumbnail","6":"product_cat-longarinas","7":"desktop-align-center","8":"tablet-align-left","9":"mobile-align-left","11":"first","12":"instock","13":"taxable","14":"shipping-taxable","15":"purchasable","16":"product-type-simple"},"_links":{"self":[{"href":"https:\/\/mjoffice.com.br\/index.php?rest_route=\/wp\/v2\/product\/5400","targetHints":{"allow":["GET"]}}],"collection":[{"href":"https:\/\/mjoffice.com.br\/index.php?rest_route=\/wp\/v2\/product"}],"about":[{"href":"https:\/\/mjoffice.com.br\/index.php?rest_route=\/wp\/v2\/types\/product"}],"replies":[{"embeddable":true,"href":"https:\/\/mjoffice.com.br\/index.php?rest_route=%2Fwp%2Fv2%2Fcomments&post=5400"}],"version-history":[{"count":3,"href":"https:\/\/mjoffice.com.br\/index.php?rest_route=\/wp\/v2\/product\/5400\/revisions"}],"predecessor-version":[{"id":6135,"href":"https:\/\/mjoffice.com.br\/index.php?rest_route=\/wp\/v2\/product\/5400\/revisions\/6135"}],"wp:featuredmedia":[{"embeddable":true,"href":"https:\/\/mjoffice.com.br\/index.php?rest_route=\/wp\/v2\/media\/5401"}],"wp:attachment":[{"href":"https:\/\/mjoffice.com.br\/index.php?rest_route=%2Fwp%2Fv2%2Fmedia&parent=5400"}],"wp:term":[{"taxonomy":"product_brand","embeddable":true,"href":"https:\/\/mjoffice.com.br\/index.php?rest_route=%2Fwp%2Fv2%2Fproduct_brand&post=5400"},{"taxonomy":"product_cat","embeddable":true,"href":"https:\/\/mjoffice.com.br\/index.php?rest_route=%2Fwp%2Fv2%2Fproduct_cat&post=5400"},{"taxonomy":"product_tag","embeddable":true,"href":"https:\/\/mjoffice.com.br\/index.php?rest_route=%2Fwp%2Fv2%2Fproduct_tag&post=5400"}],"curies":[{"name":"wp","href":"https:\/\/api.w.org\/{rel}","templated":true}]}}