{"id":6047,"date":"2025-01-10T10:14:24","date_gmt":"2025-01-10T13:14:24","guid":{"rendered":"https:\/\/mjoffice.com.br\/?post_type=product&#038;p=6047"},"modified":"2025-02-06T16:15:15","modified_gmt":"2025-02-06T19:15:15","slug":"conjunto-escolar-refeitorio-infantil-m4c-01","status":"publish","type":"product","link":"https:\/\/mjoffice.com.br\/?product=conjunto-escolar-refeitorio-infantil-m4c-01","title":{"rendered":"Conjunto Escolar Refeit\u00f3rio Infantil M4C-01"},"content":{"rendered":"<p><img decoding=\"async\" src=\"https:\/\/achei.ind.br\/wp-content\/uploads\/2021\/08\/laranja.png\" \/> COR LARANJA<\/p>\n<p><strong>CJC01 &#8211; Altura do aluno:<\/strong> <strong>\u00a00,93m a 1,16m<\/strong>.<\/p>\n<p>Maternal &#8211; 2 Anos<\/p>\n<section id=\"page-content\">\n<div class=\"container\">\n<div id=\"colunas-sobre-produto\" class=\"row\">\n<div class=\"col-md-12 box-descricao\">\n<div id=\"descricao\">\n<p>Conjunto para refeit\u00f3rio composto de 1 (uma) mesa e 4 (quatro) cadeiras.<\/p>\n<p>Tipo FNDE\/FDE<\/p>\n<p><strong>Descri\u00e7\u00f5es t\u00e9cnicas:<\/strong><\/p>\n<p><strong>Mesa:<\/strong>\u00a0Tampo em MDP, revestido de laminado melam\u00ednico, montado sobre estrutura tubular de a\u00e7o.<\/p>\n<p>Mesa empilh\u00e1vel.<\/p>\n<p><em>Dimens\u00f5es aproximadas:<\/em>\u00a01200 x 600 x 460 mm (LxPxA)<\/p>\n<p>Pintura da estrutura cinza<\/p>\n<p><strong>Cadeira:<\/strong> Empilh\u00e1vel, com assento e encosto em polipropileno injetado ou em compensado anat\u00f4mico moldado, montados sobre estrutura tubular de a\u00e7o. Pintura da estrutura cinza.<\/p>\n<p>Tubo 7\/8<\/p>\n<p><em>Dimens\u00f5es aproximadas:<\/em><br \/>\nAssento \u2013 340 x 260 x 260 mm (LxPxA)<br \/>\nEncosto \u2013 336 x 168 mm (LxA)<\/p>\n<p>Obs.: Altura total aproximada 0,26 (cm) do ch\u00e3o ao assento<\/p>\n<\/div>\n<\/div>\n<\/div>\n<\/div>\n<\/section>\n","protected":false},"excerpt":{"rendered":"<p>COR LARANJA CJC01 &#8211; Altura do aluno: \u00a00,93m a 1,16m. Maternal &#8211; 2 Anos Conjunto para refeit\u00f3rio composto de 1 (uma) mesa e 4 (quatro) cadeiras. Tipo FNDE\/FDE Descri\u00e7\u00f5es t\u00e9cnicas: Mesa:\u00a0Tampo em MDP, revestido de laminado melam\u00ednico, montado sobre estrutura tubular de a\u00e7o. Mesa empilh\u00e1vel. Dimens\u00f5es aproximadas:\u00a01200 x 600 x 460 mm (LxPxA) Pintura da [&hellip;]<\/p>\n","protected":false},"featured_media":6048,"comment_status":"open","ping_status":"closed","template":"","meta":{"site-sidebar-layout":"default","site-content-layout":"","ast-site-content-layout":"default","site-content-style":"default","site-sidebar-style":"default","ast-global-header-display":"","ast-banner-title-visibility":"","ast-main-header-display":"","ast-hfb-above-header-display":"","ast-hfb-below-header-display":"","ast-hfb-mobile-header-display":"","site-post-title":"","ast-breadcrumbs-content":"","ast-featured-img":"","footer-sml-layout":"","ast-disable-related-posts":"","theme-transparent-header-meta":"default","adv-header-id-meta":"","stick-header-meta":"","header-above-stick-meta":"","header-main-stick-meta":"","header-below-stick-meta":"","astra-migrate-meta-layouts":"set","ast-page-background-enabled":"default","ast-page-background-meta":{"desktop":{"background-color":"","background-image":"","background-repeat":"repeat","background-position":"center center","background-size":"auto","background-attachment":"scroll","background-type":"","background-media":"","overlay-type":"","overlay-color":"","overlay-opacity":"","overlay-gradient":""},"tablet":{"background-color":"","background-image":"","background-repeat":"repeat","background-position":"center center","background-size":"auto","background-attachment":"scroll","background-type":"","background-media":"","overlay-type":"","overlay-color":"","overlay-opacity":"","overlay-gradient":""},"mobile":{"background-color":"","background-image":"","background-repeat":"repeat","background-position":"center center","background-size":"auto","background-attachment":"scroll","background-type":"","background-media":"","overlay-type":"","overlay-color":"","overlay-opacity":"","overlay-gradient":""}},"ast-content-background-meta":{"desktop":{"background-color":"var(--ast-global-color-5)","background-image":"","background-repeat":"repeat","background-position":"center center","background-size":"auto","background-attachment":"scroll","background-type":"","background-media":"","overlay-type":"","overlay-color":"","overlay-opacity":"","overlay-gradient":""},"tablet":{"background-color":"var(--ast-global-color-5)","background-image":"","background-repeat":"repeat","background-position":"center center","background-size":"auto","background-attachment":"scroll","background-type":"","background-media":"","overlay-type":"","overlay-color":"","overlay-opacity":"","overlay-gradient":""},"mobile":{"background-color":"var(--ast-global-color-5)","background-image":"","background-repeat":"repeat","background-position":"center center","background-size":"auto","background-attachment":"scroll","background-type":"","background-media":"","overlay-type":"","overlay-color":"","overlay-opacity":"","overlay-gradient":""}},"_joinchat":[]},"product_brand":[],"product_cat":[91],"product_tag":[],"class_list":{"0":"post-6047","1":"product","2":"type-product","3":"status-publish","4":"has-post-thumbnail","6":"product_cat-refeitorio","7":"desktop-align-center","8":"tablet-align-left","9":"mobile-align-left","11":"first","12":"instock","13":"taxable","14":"shipping-taxable","15":"purchasable","16":"product-type-simple"},"_links":{"self":[{"href":"https:\/\/mjoffice.com.br\/index.php?rest_route=\/wp\/v2\/product\/6047","targetHints":{"allow":["GET"]}}],"collection":[{"href":"https:\/\/mjoffice.com.br\/index.php?rest_route=\/wp\/v2\/product"}],"about":[{"href":"https:\/\/mjoffice.com.br\/index.php?rest_route=\/wp\/v2\/types\/product"}],"replies":[{"embeddable":true,"href":"https:\/\/mjoffice.com.br\/index.php?rest_route=%2Fwp%2Fv2%2Fcomments&post=6047"}],"version-history":[{"count":4,"href":"https:\/\/mjoffice.com.br\/index.php?rest_route=\/wp\/v2\/product\/6047\/revisions"}],"predecessor-version":[{"id":6093,"href":"https:\/\/mjoffice.com.br\/index.php?rest_route=\/wp\/v2\/product\/6047\/revisions\/6093"}],"wp:featuredmedia":[{"embeddable":true,"href":"https:\/\/mjoffice.com.br\/index.php?rest_route=\/wp\/v2\/media\/6048"}],"wp:attachment":[{"href":"https:\/\/mjoffice.com.br\/index.php?rest_route=%2Fwp%2Fv2%2Fmedia&parent=6047"}],"wp:term":[{"taxonomy":"product_brand","embeddable":true,"href":"https:\/\/mjoffice.com.br\/index.php?rest_route=%2Fwp%2Fv2%2Fproduct_brand&post=6047"},{"taxonomy":"product_cat","embeddable":true,"href":"https:\/\/mjoffice.com.br\/index.php?rest_route=%2Fwp%2Fv2%2Fproduct_cat&post=6047"},{"taxonomy":"product_tag","embeddable":true,"href":"https:\/\/mjoffice.com.br\/index.php?rest_route=%2Fwp%2Fv2%2Fproduct_tag&post=6047"}],"curies":[{"name":"wp","href":"https:\/\/api.w.org\/{rel}","templated":true}]}}