{"id":6119,"date":"2025-02-21T16:25:52","date_gmt":"2025-02-21T19:25:52","guid":{"rendered":"https:\/\/mjoffice.com.br\/?post_type=product&#038;p=6119"},"modified":"2025-02-21T16:25:53","modified_gmt":"2025-02-21T19:25:53","slug":"cadeira-caixa-alta-aro-fixo-secretaria-com-bracos","status":"publish","type":"product","link":"https:\/\/mjoffice.com.br\/?product=cadeira-caixa-alta-aro-fixo-secretaria-com-bracos","title":{"rendered":"cadeira caixa alta aro fixo secret\u00e1ria com bra\u00e7os"},"content":{"rendered":"<p>CADEIRA CAIXA ALTA &#8211; BASE ARO FIXO<\/p>\n<p>ESTOFADO SECRET\u00c1RIA ESTOFADA.<\/p>\n<p>COM BRA\u00c7OS REGUL\u00c1VEIS.<\/p>\n<p>SEM RODINHAS<\/p>\n<p>BASE GIRAT\u00d3RIA<\/p>\n<p>ALTURA M\u00c1XIMA 70 CM<\/p>\n","protected":false},"excerpt":{"rendered":"<p>CADEIRA CAIXA ALTA &#8211; BASE ARO FIXO ESTOFADO SECRET\u00c1RIA ESTOFADA. COM BRA\u00c7OS REGUL\u00c1VEIS. SEM RODINHAS BASE GIRAT\u00d3RIA ALTURA M\u00c1XIMA 70 CM<\/p>\n","protected":false},"featured_media":6120,"comment_status":"open","ping_status":"closed","template":"","meta":{"site-sidebar-layout":"default","site-content-layout":"","ast-site-content-layout":"default","site-content-style":"default","site-sidebar-style":"default","ast-global-header-display":"","ast-banner-title-visibility":"","ast-main-header-display":"","ast-hfb-above-header-display":"","ast-hfb-below-header-display":"","ast-hfb-mobile-header-display":"","site-post-title":"","ast-breadcrumbs-content":"","ast-featured-img":"","footer-sml-layout":"","ast-disable-related-posts":"","theme-transparent-header-meta":"default","adv-header-id-meta":"","stick-header-meta":"","header-above-stick-meta":"","header-main-stick-meta":"","header-below-stick-meta":"","astra-migrate-meta-layouts":"set","ast-page-background-enabled":"default","ast-page-background-meta":{"desktop":{"background-color":"","background-image":"","background-repeat":"repeat","background-position":"center center","background-size":"auto","background-attachment":"scroll","background-type":"","background-media":"","overlay-type":"","overlay-color":"","overlay-opacity":"","overlay-gradient":""},"tablet":{"background-color":"","background-image":"","background-repeat":"repeat","background-position":"center center","background-size":"auto","background-attachment":"scroll","background-type":"","background-media":"","overlay-type":"","overlay-color":"","overlay-opacity":"","overlay-gradient":""},"mobile":{"background-color":"","background-image":"","background-repeat":"repeat","background-position":"center center","background-size":"auto","background-attachment":"scroll","background-type":"","background-media":"","overlay-type":"","overlay-color":"","overlay-opacity":"","overlay-gradient":""}},"ast-content-background-meta":{"desktop":{"background-color":"var(--ast-global-color-5)","background-image":"","background-repeat":"repeat","background-position":"center center","background-size":"auto","background-attachment":"scroll","background-type":"","background-media":"","overlay-type":"","overlay-color":"","overlay-opacity":"","overlay-gradient":""},"tablet":{"background-color":"var(--ast-global-color-5)","background-image":"","background-repeat":"repeat","background-position":"center center","background-size":"auto","background-attachment":"scroll","background-type":"","background-media":"","overlay-type":"","overlay-color":"","overlay-opacity":"","overlay-gradient":""},"mobile":{"background-color":"var(--ast-global-color-5)","background-image":"","background-repeat":"repeat","background-position":"center center","background-size":"auto","background-attachment":"scroll","background-type":"","background-media":"","overlay-type":"","overlay-color":"","overlay-opacity":"","overlay-gradient":""}},"_joinchat":[]},"product_brand":[],"product_cat":[69],"product_tag":[],"class_list":{"0":"post-6119","1":"product","2":"type-product","3":"status-publish","4":"has-post-thumbnail","6":"product_cat-giratoria","7":"desktop-align-center","8":"tablet-align-left","9":"mobile-align-left","11":"first","12":"instock","13":"taxable","14":"shipping-taxable","15":"purchasable","16":"product-type-simple"},"_links":{"self":[{"href":"https:\/\/mjoffice.com.br\/index.php?rest_route=\/wp\/v2\/product\/6119","targetHints":{"allow":["GET"]}}],"collection":[{"href":"https:\/\/mjoffice.com.br\/index.php?rest_route=\/wp\/v2\/product"}],"about":[{"href":"https:\/\/mjoffice.com.br\/index.php?rest_route=\/wp\/v2\/types\/product"}],"replies":[{"embeddable":true,"href":"https:\/\/mjoffice.com.br\/index.php?rest_route=%2Fwp%2Fv2%2Fcomments&post=6119"}],"version-history":[{"count":1,"href":"https:\/\/mjoffice.com.br\/index.php?rest_route=\/wp\/v2\/product\/6119\/revisions"}],"predecessor-version":[{"id":6121,"href":"https:\/\/mjoffice.com.br\/index.php?rest_route=\/wp\/v2\/product\/6119\/revisions\/6121"}],"wp:featuredmedia":[{"embeddable":true,"href":"https:\/\/mjoffice.com.br\/index.php?rest_route=\/wp\/v2\/media\/6120"}],"wp:attachment":[{"href":"https:\/\/mjoffice.com.br\/index.php?rest_route=%2Fwp%2Fv2%2Fmedia&parent=6119"}],"wp:term":[{"taxonomy":"product_brand","embeddable":true,"href":"https:\/\/mjoffice.com.br\/index.php?rest_route=%2Fwp%2Fv2%2Fproduct_brand&post=6119"},{"taxonomy":"product_cat","embeddable":true,"href":"https:\/\/mjoffice.com.br\/index.php?rest_route=%2Fwp%2Fv2%2Fproduct_cat&post=6119"},{"taxonomy":"product_tag","embeddable":true,"href":"https:\/\/mjoffice.com.br\/index.php?rest_route=%2Fwp%2Fv2%2Fproduct_tag&post=6119"}],"curies":[{"name":"wp","href":"https:\/\/api.w.org\/{rel}","templated":true}]}}